{"id":1431,"date":"2023-11-22T09:46:11","date_gmt":"2023-11-22T09:46:11","guid":{"rendered":"https:\/\/decode-training.eu\/home-page\/"},"modified":"2023-12-06T08:46:38","modified_gmt":"2023-12-06T08:46:38","slug":"home-page","status":"publish","type":"page","link":"https:\/\/decode-training.eu\/de\/","title":{"rendered":"Home Page"},"content":{"rendered":"\t\t<div data-elementor-type=\"wp-page\" data-elementor-id=\"1431\" class=\"elementor elementor-1431 elementor-27\" data-elementor-post-type=\"page\">\n\t\t\t\t<div class=\"elementor-element elementor-element-247970e e-con-full e-flex e-con e-parent\" data-id=\"247970e\" data-element_type=\"container\" data-settings=\"{&quot;background_background&quot;:&quot;classic&quot;,&quot;shape_divider_bottom&quot;:&quot;triangle&quot;,&quot;shape_divider_bottom_negative&quot;:&quot;yes&quot;}\">\n\t\t\t\t<div class=\"elementor-shape elementor-shape-bottom\" aria-hidden=\"true\" data-negative=\"true\">\n\t\t\t<svg xmlns=\"http:\/\/www.w3.org\/2000\/svg\" viewBox=\"0 0 1000 100\" preserveAspectRatio=\"none\">\n\t<path class=\"elementor-shape-fill\" d=\"M500.2,94.7L0,0v100h1000V0L500.2,94.7z\"\/>\n<\/svg>\t\t<\/div>\n\t\t<div class=\"elementor-element elementor-element-a6e904c e-flex e-con-boxed e-con e-child\" data-id=\"a6e904c\" data-element_type=\"container\">\n\t\t\t\t\t<div class=\"e-con-inner\">\n\t\t<div class=\"elementor-element elementor-element-e4499ec e-con-full e-flex e-con e-child\" data-id=\"e4499ec\" data-element_type=\"container\">\n\t\t\t\t<div class=\"elementor-element elementor-element-0f61669 elementor-widget elementor-widget-heading\" data-id=\"0f61669\" data-element_type=\"widget\" data-widget_type=\"heading.default\">\n\t\t\t\t<div class=\"elementor-widget-container\">\n\t\t\t\t\t<h2 class=\"elementor-heading-title elementor-size-default\">DECODE<\/h2>\t\t\t\t<\/div>\n\t\t\t\t<\/div>\n\t\t\t\t<\/div>\n\t\t\t\t\t<\/div>\n\t\t\t\t<\/div>\n\t\t\t\t<\/div>\n\t\t<div class=\"elementor-element elementor-element-1d034aec e-flex e-con-boxed e-con e-parent\" data-id=\"1d034aec\" data-element_type=\"container\" data-settings=\"{&quot;background_background&quot;:&quot;classic&quot;}\">\n\t\t\t\t\t<div class=\"e-con-inner\">\n\t\t<div class=\"elementor-element elementor-element-49c1f758 e-con-full e-flex e-con e-child\" data-id=\"49c1f758\" data-element_type=\"container\">\n\t\t\t\t<div class=\"elementor-element elementor-element-cdadd33 elementor-widget elementor-widget-text-editor\" data-id=\"cdadd33\" data-element_type=\"widget\" data-widget_type=\"text-editor.default\">\n\t\t\t\t<div class=\"elementor-widget-container\">\n\t\t\t\t\t\t\t\t\t<p>Das Ziel des Decode besteht darin, die aktuellen Trends und Anforderungen bei der Verbesserung der F\u00e4higkeiten und der Umschulung von Betreibern, Fachleuten und Freiwilligen im Bereich des kulturellen Tourismus in l\u00e4ndlichen und\/oder wirtschaftlich benachteiligten Gebieten in Europa zu entschl\u00fcsseln.<\/p><p>Der kulturelle Tourismus erlebt innerhalb der EU ein Wachstum, wobei 4 von 10 europ\u00e4ischen Touristen ihre Reiseziele aufgrund ihres kulturellen Angebots ausw\u00e4hlen. Dennoch stehen kleine Unternehmen im Tourismussektor in l\u00e4ndlichen Gebieten vor Herausforderungen, die mit einem Mangel an Zusammenarbeit und Defiziten in Bezug auf die F\u00e4higkeiten und Qualifikationen der Belegschaft verbunden sind.<\/p><p>Die Initiative ist darauf ausgerichtet, den Anforderungen der lokalen Gemeinschaften und der im Tourismus t\u00e4tigen Fachkr\u00e4fte in l\u00e4ndlichen und\/oder wirtschaftlich benachteiligten Gebieten gerecht zu werden. Dies wird durch die Bereitstellung wesentlicher F\u00e4higkeiten und Kompetenzen erreicht, die es ihnen erm\u00f6glichen, ihre lokalen Regionen effektiv im Bereich des kulturellen Tourismus zu f\u00f6rdern. Der Ansatz beinhaltet einen umfassenden Schulungskurs und die Integration digitaler Technologie. Zus\u00e4tzlich umfasst das Projekt die Entwicklung einer Online-Ressourcenplattform und eines Systems zur Anerkennung offener Abzeichen, um das erworbene Wissen der Teilnehmer zu validieren.<\/p>\t\t\t\t\t\t\t\t<\/div>\n\t\t\t\t<\/div>\n\t\t\t\t<\/div>\n\t\t<div class=\"elementor-element elementor-element-71797b71 e-con-full e-flex e-con e-child\" data-id=\"71797b71\" data-element_type=\"container\">\n\t\t\t\t<div class=\"elementor-element elementor-element-74b28720 elementor-widget-mobile__width-initial elementor-widget__width-initial elementor-widget-tablet__width-initial elementor-invisible elementor-widget elementor-widget-image\" data-id=\"74b28720\" data-element_type=\"widget\" data-settings=\"{&quot;_animation&quot;:&quot;fadeInDown&quot;}\" data-widget_type=\"image.default\">\n\t\t\t\t<div class=\"elementor-widget-container\">\n\t\t\t\t\t\t\t\t\t\t\t\t\t\t\t<img fetchpriority=\"high\" decoding=\"async\" width=\"331\" height=\"400\" src=\"https:\/\/decode-training.eu\/wp-content\/uploads\/2023\/11\/home1.jpg\" class=\"attachment-large size-large wp-image-428\" alt=\"\" srcset=\"https:\/\/decode-training.eu\/wp-content\/uploads\/2023\/11\/home1.jpg 331w, https:\/\/decode-training.eu\/wp-content\/uploads\/2023\/11\/home1-248x300.jpg 248w\" sizes=\"(max-width: 331px) 100vw, 331px\" \/>\t\t\t\t\t\t\t\t\t\t\t\t\t\t\t<\/div>\n\t\t\t\t<\/div>\n\t\t\t\t<div class=\"elementor-element elementor-element-52bc8e2f elementor-widget-mobile__width-initial elementor-widget__width-initial elementor-widget-tablet__width-initial elementor-invisible elementor-widget elementor-widget-image\" data-id=\"52bc8e2f\" data-element_type=\"widget\" data-settings=\"{&quot;_animation&quot;:&quot;fadeInRight&quot;}\" data-widget_type=\"image.default\">\n\t\t\t\t<div class=\"elementor-widget-container\">\n\t\t\t\t\t\t\t\t\t\t\t\t\t\t\t<img decoding=\"async\" width=\"331\" height=\"400\" src=\"https:\/\/decode-training.eu\/wp-content\/uploads\/2023\/11\/home3.jpg\" class=\"attachment-large size-large wp-image-439\" alt=\"\" srcset=\"https:\/\/decode-training.eu\/wp-content\/uploads\/2023\/11\/home3.jpg 331w, https:\/\/decode-training.eu\/wp-content\/uploads\/2023\/11\/home3-248x300.jpg 248w\" sizes=\"(max-width: 331px) 100vw, 331px\" \/>\t\t\t\t\t\t\t\t\t\t\t\t\t\t\t<\/div>\n\t\t\t\t<\/div>\n\t\t\t\t<div class=\"elementor-element elementor-element-6bce8997 elementor-widget-mobile__width-initial elementor-widget__width-initial elementor-widget-tablet__width-initial elementor-invisible elementor-widget elementor-widget-image\" data-id=\"6bce8997\" data-element_type=\"widget\" data-settings=\"{&quot;_animation&quot;:&quot;fadeInUp&quot;}\" data-widget_type=\"image.default\">\n\t\t\t\t<div class=\"elementor-widget-container\">\n\t\t\t\t\t\t\t\t\t\t\t\t\t\t\t<img decoding=\"async\" width=\"331\" height=\"400\" src=\"https:\/\/decode-training.eu\/wp-content\/uploads\/2023\/11\/home4.jpg\" class=\"attachment-large size-large wp-image-446\" alt=\"\" srcset=\"https:\/\/decode-training.eu\/wp-content\/uploads\/2023\/11\/home4.jpg 331w, https:\/\/decode-training.eu\/wp-content\/uploads\/2023\/11\/home4-248x300.jpg 248w\" sizes=\"(max-width: 331px) 100vw, 331px\" \/>\t\t\t\t\t\t\t\t\t\t\t\t\t\t\t<\/div>\n\t\t\t\t<\/div>\n\t\t\t\t<div class=\"elementor-element elementor-element-42a4ba08 elementor-widget-mobile__width-initial elementor-widget__width-initial elementor-widget-tablet__width-initial elementor-invisible elementor-widget elementor-widget-image\" data-id=\"42a4ba08\" data-element_type=\"widget\" data-settings=\"{&quot;_animation&quot;:&quot;fadeInRight&quot;,&quot;_animation_delay&quot;:&quot;200&quot;}\" data-widget_type=\"image.default\">\n\t\t\t\t<div class=\"elementor-widget-container\">\n\t\t\t\t\t\t\t\t\t\t\t\t\t\t\t<img loading=\"lazy\" decoding=\"async\" width=\"331\" height=\"400\" src=\"https:\/\/decode-training.eu\/wp-content\/uploads\/2023\/11\/home2.jpg\" class=\"attachment-large size-large wp-image-432\" alt=\"\" srcset=\"https:\/\/decode-training.eu\/wp-content\/uploads\/2023\/11\/home2.jpg 331w, https:\/\/decode-training.eu\/wp-content\/uploads\/2023\/11\/home2-248x300.jpg 248w\" sizes=\"(max-width: 331px) 100vw, 331px\" \/>\t\t\t\t\t\t\t\t\t\t\t\t\t\t\t<\/div>\n\t\t\t\t<\/div>\n\t\t\t\t<\/div>\n\t\t\t\t\t<\/div>\n\t\t\t\t<\/div>\n\t\t<div class=\"elementor-element elementor-element-3dcfd3a8 e-con-full e-flex e-con e-parent\" data-id=\"3dcfd3a8\" data-element_type=\"container\" data-settings=\"{&quot;background_background&quot;:&quot;classic&quot;}\">\n\t\t<div class=\"elementor-element elementor-element-430457eb e-flex e-con-boxed e-con e-child\" data-id=\"430457eb\" data-element_type=\"container\">\n\t\t\t\t\t<div class=\"e-con-inner\">\n\t\t\t\t<div class=\"elementor-element elementor-element-1f1ead0 msr-wrapper-title-after elementor-widget elementor-widget-heading\" data-id=\"1f1ead0\" data-element_type=\"widget\" data-widget_type=\"heading.default\">\n\t\t\t\t<div class=\"elementor-widget-container\">\n\t\t\t\t\t<h2 class=\"elementor-heading-title elementor-size-default\">Zu erwartende Ergebnisse<\/h2>\t\t\t\t<\/div>\n\t\t\t\t<\/div>\n\t\t\t\t<div class=\"elementor-element elementor-element-4f83e0fb elementor-widget__width-initial elementor-widget elementor-widget-text-editor\" data-id=\"4f83e0fb\" data-element_type=\"widget\" data-widget_type=\"text-editor.default\">\n\t\t\t\t<div class=\"elementor-widget-container\">\n\t\t\t\t\t\t\t\t\t<p>Das Decode-Projekt zielt darauf ab, Wege zur Verbesserung der F\u00e4higkeiten von Betreibern im Bereich des kulturellen Tourismus in l\u00e4ndlichen und\/oder wirtschaftlich benachteiligten Gebieten voranzutreiben und ihnen ein innovatives und ansprechendes Schulungsprogramm zu pr\u00e4sentieren. Die erwarteten Ergebnisse der Initiative umfassen:<\/p>\n\t\t\t\t\t\t\t\t<\/div>\n\t\t\t\t<\/div>\n\t\t\t\t\t<\/div>\n\t\t\t\t<\/div>\n\t\t\t\t<\/div>\n\t\t<div class=\"elementor-element elementor-element-cb6811a e-con-full msr-decode-wrapper-img-home e-flex e-con e-parent\" data-id=\"cb6811a\" data-element_type=\"container\" data-settings=\"{&quot;background_background&quot;:&quot;classic&quot;}\">\n\t\t<div class=\"elementor-element elementor-element-28881edf e-flex e-con-boxed e-con e-child\" data-id=\"28881edf\" data-element_type=\"container\">\n\t\t\t\t\t<div class=\"e-con-inner\">\n\t\t<div class=\"elementor-element elementor-element-c5b1f82 e-con-full animated-slow e-flex elementor-invisible e-con e-child\" data-id=\"c5b1f82\" data-element_type=\"container\" data-settings=\"{&quot;animation&quot;:&quot;fadeInUp&quot;,&quot;animation_delay&quot;:100}\">\n\t\t\t\t<div class=\"elementor-element elementor-element-bc29518 elementor-position-top elementor-widget elementor-widget-image-box\" data-id=\"bc29518\" data-element_type=\"widget\" data-widget_type=\"image-box.default\">\n\t\t\t\t<div class=\"elementor-widget-container\">\n\t\t\t\t\t<div class=\"elementor-image-box-wrapper\"><figure class=\"elementor-image-box-img\"><img loading=\"lazy\" decoding=\"async\" width=\"128\" height=\"128\" src=\"https:\/\/decode-training.eu\/wp-content\/uploads\/2023\/11\/6-1.png\" class=\"attachment-full size-full wp-image-1262\" alt=\"\" \/><\/figure><div class=\"elementor-image-box-content\"><p class=\"elementor-image-box-description\">Erleichterung von Wegen zur Verbesserung der F\u00e4higkeiten von Betreibern im Bereich des kulturellen Tourismus in l\u00e4ndlichen und\/oder benachteiligten Gebieten.<\/p><\/div><\/div>\t\t\t\t<\/div>\n\t\t\t\t<\/div>\n\t\t\t\t<\/div>\n\t\t<div class=\"elementor-element elementor-element-8f949dd e-con-full animated-slow e-flex elementor-invisible e-con e-child\" data-id=\"8f949dd\" data-element_type=\"container\" data-settings=\"{&quot;animation&quot;:&quot;fadeInUp&quot;,&quot;animation_delay&quot;:200}\">\n\t\t\t\t<div class=\"elementor-element elementor-element-58b0de3 elementor-position-top elementor-widget elementor-widget-image-box\" data-id=\"58b0de3\" data-element_type=\"widget\" data-widget_type=\"image-box.default\">\n\t\t\t\t<div class=\"elementor-widget-container\">\n\t\t\t\t\t<div class=\"elementor-image-box-wrapper\"><figure class=\"elementor-image-box-img\"><img loading=\"lazy\" decoding=\"async\" width=\"128\" height=\"128\" src=\"https:\/\/decode-training.eu\/wp-content\/uploads\/2023\/11\/7.png\" class=\"attachment-full size-full wp-image-1258\" alt=\"\" \/><\/figure><div class=\"elementor-image-box-content\"><p class=\"elementor-image-box-description\">Entwicklung eines innovativen und interaktiven Schulungsprogramms, das auf Betreiber im Bereich des kulturellen Tourismus in l\u00e4ndlichen und\/oder benachteiligten Gebieten zugeschnitten ist.<\/p><\/div><\/div>\t\t\t\t<\/div>\n\t\t\t\t<\/div>\n\t\t\t\t<\/div>\n\t\t<div class=\"elementor-element elementor-element-bcc665d e-con-full animated-slow e-flex elementor-invisible e-con e-child\" data-id=\"bcc665d\" data-element_type=\"container\" data-settings=\"{&quot;animation&quot;:&quot;fadeInUp&quot;,&quot;animation_delay&quot;:300}\">\n\t\t\t\t<div class=\"elementor-element elementor-element-a0d706a elementor-position-top elementor-widget elementor-widget-image-box\" data-id=\"a0d706a\" data-element_type=\"widget\" data-widget_type=\"image-box.default\">\n\t\t\t\t<div class=\"elementor-widget-container\">\n\t\t\t\t\t<div class=\"elementor-image-box-wrapper\"><figure class=\"elementor-image-box-img\"><img loading=\"lazy\" decoding=\"async\" width=\"128\" height=\"128\" src=\"https:\/\/decode-training.eu\/wp-content\/uploads\/2023\/11\/8.png\" class=\"attachment-full size-full wp-image-1254\" alt=\"\" \/><\/figure><div class=\"elementor-image-box-content\"><p class=\"elementor-image-box-description\">Durchf\u00fchrung einer Lern-, Lehr- und Schulungsaktivit\u00e4t f\u00fcr mindestens 12 Erwachsenenbildner, die sich auf den kulturellen Tourismus spezialisiert haben.<\/p><\/div><\/div>\t\t\t\t<\/div>\n\t\t\t\t<\/div>\n\t\t\t\t<\/div>\n\t\t<div class=\"elementor-element elementor-element-9e11276 e-con-full animated-slow e-flex elementor-invisible e-con e-child\" data-id=\"9e11276\" data-element_type=\"container\" data-settings=\"{&quot;animation&quot;:&quot;fadeInUp&quot;,&quot;animation_delay&quot;:400}\">\n\t\t\t\t<div class=\"elementor-element elementor-element-c375b1e elementor-position-top elementor-widget elementor-widget-image-box\" data-id=\"c375b1e\" data-element_type=\"widget\" data-widget_type=\"image-box.default\">\n\t\t\t\t<div class=\"elementor-widget-container\">\n\t\t\t\t\t<div class=\"elementor-image-box-wrapper\"><figure class=\"elementor-image-box-img\"><img loading=\"lazy\" decoding=\"async\" width=\"128\" height=\"128\" src=\"https:\/\/decode-training.eu\/wp-content\/uploads\/2023\/11\/4-1.png\" class=\"attachment-full size-full wp-image-1270\" alt=\"\" \/><\/figure><div class=\"elementor-image-box-content\"><p class=\"elementor-image-box-description\">Erstellung von 6 nationalen Berichten zur Bewertung der Ergebnisse des Schulungsprogramms zu Verbesserungszwecken.<\/p><\/div><\/div>\t\t\t\t<\/div>\n\t\t\t\t<\/div>\n\t\t\t\t<\/div>\n\t\t<div class=\"elementor-element elementor-element-5da371d e-con-full animated-slow e-flex elementor-invisible e-con e-child\" data-id=\"5da371d\" data-element_type=\"container\" data-settings=\"{&quot;animation&quot;:&quot;fadeInUp&quot;,&quot;animation_delay&quot;:500}\">\n\t\t\t\t<div class=\"elementor-element elementor-element-ada67c6 elementor-position-top elementor-widget elementor-widget-image-box\" data-id=\"ada67c6\" data-element_type=\"widget\" data-widget_type=\"image-box.default\">\n\t\t\t\t<div class=\"elementor-widget-container\">\n\t\t\t\t\t<div class=\"elementor-image-box-wrapper\"><figure class=\"elementor-image-box-img\"><img loading=\"lazy\" decoding=\"async\" width=\"128\" height=\"128\" src=\"https:\/\/decode-training.eu\/wp-content\/uploads\/2023\/11\/5-1.png\" class=\"attachment-full size-full wp-image-1266\" alt=\"\" \/><\/figure><div class=\"elementor-image-box-content\"><p class=\"elementor-image-box-description\">Schulung von mindestens 60 lokalen Betreibern im Bereich des Tourismus in l\u00e4ndlichen und\/oder benachteiligten Gebieten.<\/p><\/div><\/div>\t\t\t\t<\/div>\n\t\t\t\t<\/div>\n\t\t\t\t<\/div>\n\t\t\t\t\t<\/div>\n\t\t\t\t<\/div>\n\t\t<div class=\"elementor-element elementor-element-16fc706 e-flex e-con-boxed e-con e-child\" data-id=\"16fc706\" data-element_type=\"container\">\n\t\t\t\t\t<div class=\"e-con-inner\">\n\t\t<div class=\"elementor-element elementor-element-4c60cdb e-con-full animated-slow e-flex elementor-invisible e-con e-child\" data-id=\"4c60cdb\" data-element_type=\"container\" data-settings=\"{&quot;animation&quot;:&quot;fadeInUp&quot;,&quot;animation_delay&quot;:600}\">\n\t\t\t\t<div class=\"elementor-element elementor-element-44165ae elementor-position-top elementor-widget elementor-widget-image-box\" data-id=\"44165ae\" data-element_type=\"widget\" data-widget_type=\"image-box.default\">\n\t\t\t\t<div class=\"elementor-widget-container\">\n\t\t\t\t\t<div class=\"elementor-image-box-wrapper\"><figure class=\"elementor-image-box-img\"><img loading=\"lazy\" decoding=\"async\" width=\"128\" height=\"128\" src=\"https:\/\/decode-training.eu\/wp-content\/uploads\/2023\/11\/3-1.png\" class=\"attachment-full size-full wp-image-1274\" alt=\"\" \/><\/figure><div class=\"elementor-image-box-content\"><p class=\"elementor-image-box-description\">Einrichtung einer Online-Ressourcenplattform mit interaktiven Materialien und einem System zur Anerkennung offener Abzeichen zur Validierung erworbener F\u00e4higkeiten.<\/p><\/div><\/div>\t\t\t\t<\/div>\n\t\t\t\t<\/div>\n\t\t\t\t<\/div>\n\t\t<div class=\"elementor-element elementor-element-077ae1a e-con-full animated-slow e-flex elementor-invisible e-con e-child\" data-id=\"077ae1a\" data-element_type=\"container\" data-settings=\"{&quot;animation&quot;:&quot;fadeInUp&quot;,&quot;animation_delay&quot;:700}\">\n\t\t\t\t<div class=\"elementor-element elementor-element-9fdd114 elementor-position-top elementor-widget elementor-widget-image-box\" data-id=\"9fdd114\" data-element_type=\"widget\" data-widget_type=\"image-box.default\">\n\t\t\t\t<div class=\"elementor-widget-container\">\n\t\t\t\t\t<div class=\"elementor-image-box-wrapper\"><figure class=\"elementor-image-box-img\"><img loading=\"lazy\" decoding=\"async\" width=\"128\" height=\"128\" src=\"https:\/\/decode-training.eu\/wp-content\/uploads\/2023\/11\/2-1.png\" class=\"attachment-full size-full wp-image-1242\" alt=\"\" \/><\/figure><div class=\"elementor-image-box-content\"><p class=\"elementor-image-box-description\">Organisation von drei transnationalen Pr\u00e4senztreffen und einem Online-Treffen.<\/p><\/div><\/div>\t\t\t\t<\/div>\n\t\t\t\t<\/div>\n\t\t\t\t<\/div>\n\t\t<div class=\"elementor-element elementor-element-760d41b e-con-full animated-slow e-flex elementor-invisible e-con e-child\" data-id=\"760d41b\" data-element_type=\"container\" data-settings=\"{&quot;animation&quot;:&quot;fadeInUp&quot;,&quot;animation_delay&quot;:800}\">\n\t\t\t\t<div class=\"elementor-element elementor-element-347ca8c elementor-position-top elementor-widget elementor-widget-image-box\" data-id=\"347ca8c\" data-element_type=\"widget\" data-widget_type=\"image-box.default\">\n\t\t\t\t<div class=\"elementor-widget-container\">\n\t\t\t\t\t<div class=\"elementor-image-box-wrapper\"><figure class=\"elementor-image-box-img\"><img loading=\"lazy\" decoding=\"async\" width=\"128\" height=\"128\" src=\"https:\/\/decode-training.eu\/wp-content\/uploads\/2023\/11\/9.png\" class=\"attachment-full size-full wp-image-1250\" alt=\"\" \/><\/figure><div class=\"elementor-image-box-content\"><p class=\"elementor-image-box-description\">Durchf\u00fchrung von sechs Multiplikatorveranstaltungen (bestehend aus f\u00fcnf nationalen Veranstaltungen und einer transnationalen Veranstaltung).<\/p><\/div><\/div>\t\t\t\t<\/div>\n\t\t\t\t<\/div>\n\t\t\t\t<\/div>\n\t\t<div class=\"elementor-element elementor-element-0d9f296 e-con-full animated-slow e-flex elementor-invisible e-con e-child\" data-id=\"0d9f296\" data-element_type=\"container\" data-settings=\"{&quot;animation&quot;:&quot;fadeInUp&quot;,&quot;animation_delay&quot;:900}\">\n\t\t\t\t<div class=\"elementor-element elementor-element-f3f8860 elementor-position-top elementor-widget elementor-widget-image-box\" data-id=\"f3f8860\" data-element_type=\"widget\" data-widget_type=\"image-box.default\">\n\t\t\t\t<div class=\"elementor-widget-container\">\n\t\t\t\t\t<div class=\"elementor-image-box-wrapper\"><figure class=\"elementor-image-box-img\"><img loading=\"lazy\" decoding=\"async\" width=\"128\" height=\"128\" src=\"https:\/\/decode-training.eu\/wp-content\/uploads\/2023\/11\/1-1.png\" class=\"attachment-full size-full wp-image-1235\" alt=\"\" \/><\/figure><div class=\"elementor-image-box-content\"><p class=\"elementor-image-box-description\">Formulierung eines umfassenden Verbreitungs- und Werbeplans und einer Strategie.<\/p><\/div><\/div>\t\t\t\t<\/div>\n\t\t\t\t<\/div>\n\t\t\t\t<\/div>\n\t\t<div class=\"elementor-element elementor-element-3c23c15 e-con-full animated-slow e-flex elementor-invisible e-con e-child\" data-id=\"3c23c15\" data-element_type=\"container\" data-settings=\"{&quot;animation&quot;:&quot;fadeInUp&quot;,&quot;animation_delay&quot;:1000}\">\n\t\t\t\t<div class=\"elementor-element elementor-element-20540c9 elementor-position-top elementor-widget elementor-widget-image-box\" data-id=\"20540c9\" data-element_type=\"widget\" data-widget_type=\"image-box.default\">\n\t\t\t\t<div class=\"elementor-widget-container\">\n\t\t\t\t\t<div class=\"elementor-image-box-wrapper\"><figure class=\"elementor-image-box-img\"><img loading=\"lazy\" decoding=\"async\" width=\"128\" height=\"128\" src=\"https:\/\/decode-training.eu\/wp-content\/uploads\/2023\/11\/10.png\" class=\"attachment-full size-full wp-image-1246\" alt=\"\" \/><\/figure><div class=\"elementor-image-box-content\"><p class=\"elementor-image-box-description\">Bereitstellung von Vernetzungsm\u00f6glichkeiten f\u00fcr Projektpartner.<\/p><\/div><\/div>\t\t\t\t<\/div>\n\t\t\t\t<\/div>\n\t\t\t\t<\/div>\n\t\t\t\t\t<\/div>\n\t\t\t\t<\/div>\n\t\t\t\t<\/div>\n\t\t<div class=\"elementor-element elementor-element-792645a e-con-full e-flex e-con e-parent\" data-id=\"792645a\" data-element_type=\"container\" data-settings=\"{&quot;background_background&quot;:&quot;classic&quot;,&quot;background_motion_fx_motion_fx_scrolling&quot;:&quot;yes&quot;,&quot;background_motion_fx_translateX_effect&quot;:&quot;yes&quot;,&quot;background_motion_fx_translateX_speed&quot;:{&quot;unit&quot;:&quot;px&quot;,&quot;size&quot;:4,&quot;sizes&quot;:[]},&quot;background_motion_fx_translateX_affectedRange&quot;:{&quot;unit&quot;:&quot;%&quot;,&quot;size&quot;:&quot;&quot;,&quot;sizes&quot;:{&quot;start&quot;:0,&quot;end&quot;:100}},&quot;background_motion_fx_devices&quot;:[&quot;desktop&quot;,&quot;laptop&quot;,&quot;tablet&quot;,&quot;mobile&quot;]}\">\n\t\t<div class=\"elementor-element elementor-element-e1a3f08 e-flex e-con-boxed e-con e-child\" data-id=\"e1a3f08\" data-element_type=\"container\">\n\t\t\t\t\t<div class=\"e-con-inner\">\n\t\t\t\t<div class=\"elementor-element elementor-element-ab8625a elementor-widget__width-initial elementor-widget elementor-widget-text-editor\" data-id=\"ab8625a\" data-element_type=\"widget\" data-widget_type=\"text-editor.default\">\n\t\t\t\t<div class=\"elementor-widget-container\">\n\t\t\t\t\t\t\t\t\t<p>Das Decode-Projekt hat eine erhebliche Bedeutung, da es darauf abzielt, die L\u00fccke bei F\u00e4higkeiten und Kompetenzen in der kulturellen Tourismusbranche in l\u00e4ndlichen und\/oder benachteiligten Gebieten zu schlie\u00dfen. Die Konsortialpartner tragen eine vielf\u00e4ltige Palette von F\u00e4higkeiten und Expertisen bei, um die effektive Umsetzung und den Erfolg dieser Initiative sicherzustellen.<\/p>\n\t\t\t\t\t\t\t\t<\/div>\n\t\t\t\t<\/div>\n\t\t\t\t\t<\/div>\n\t\t\t\t<\/div>\n\t\t\t\t<\/div>\n\t\t\t\t<\/div>\n\t\t","protected":false},"excerpt":{"rendered":"<p>DECODE Das Ziel des Decode besteht darin, die aktuellen Trends und Anforderungen bei der Verbesserung der F\u00e4higkeiten und der Umschulung von Betreibern, Fachleuten und Freiwilligen im Bereich des kulturellen Tourismus in l\u00e4ndlichen und\/oder wirtschaftlich benachteiligten Gebieten in Europa zu entschl\u00fcsseln. Der kulturelle Tourismus erlebt innerhalb der EU ein Wachstum, wobei 4 von 10 europ\u00e4ischen Touristen [&hellip;]<\/p>\n","protected":false},"author":1,"featured_media":0,"parent":0,"menu_order":0,"comment_status":"closed","ping_status":"closed","template":"","meta":{"footnotes":""},"class_list":["post-1431","page","type-page","status-publish","hentry"],"_links":{"self":[{"href":"https:\/\/decode-training.eu\/de\/wp-json\/wp\/v2\/pages\/1431","targetHints":{"allow":["GET"]}}],"collection":[{"href":"https:\/\/decode-training.eu\/de\/wp-json\/wp\/v2\/pages"}],"about":[{"href":"https:\/\/decode-training.eu\/de\/wp-json\/wp\/v2\/types\/page"}],"author":[{"embeddable":true,"href":"https:\/\/decode-training.eu\/de\/wp-json\/wp\/v2\/users\/1"}],"replies":[{"embeddable":true,"href":"https:\/\/decode-training.eu\/de\/wp-json\/wp\/v2\/comments?post=1431"}],"version-history":[{"count":10,"href":"https:\/\/decode-training.eu\/de\/wp-json\/wp\/v2\/pages\/1431\/revisions"}],"predecessor-version":[{"id":1699,"href":"https:\/\/decode-training.eu\/de\/wp-json\/wp\/v2\/pages\/1431\/revisions\/1699"}],"wp:attachment":[{"href":"https:\/\/decode-training.eu\/de\/wp-json\/wp\/v2\/media?parent=1431"}],"curies":[{"name":"wp","href":"https:\/\/api.w.org\/{rel}","templated":true}]}}