{"id":1574,"date":"2023-11-28T13:35:22","date_gmt":"2023-11-28T13:35:22","guid":{"rendered":"https:\/\/decode-training.eu\/kontakt\/"},"modified":"2024-01-30T07:51:11","modified_gmt":"2024-01-30T07:51:11","slug":"kontakt","status":"publish","type":"page","link":"https:\/\/decode-training.eu\/de\/kontakt\/","title":{"rendered":"Kontakt"},"content":{"rendered":"\t\t<div data-elementor-type=\"wp-page\" data-elementor-id=\"1574\" class=\"elementor elementor-1574 elementor-1502\" data-elementor-post-type=\"page\">\n\t\t\t\t<div class=\"elementor-element elementor-element-b088faa e-con-full e-flex e-con e-parent\" data-id=\"b088faa\" data-element_type=\"container\" data-settings=\"{&quot;background_background&quot;:&quot;classic&quot;}\">\n\t\t<div class=\"elementor-element elementor-element-19c639b e-flex e-con-boxed e-con e-child\" data-id=\"19c639b\" data-element_type=\"container\">\n\t\t\t\t\t<div class=\"e-con-inner\">\n\t\t\t\t<div class=\"elementor-element elementor-element-96cb727 elementor-widget elementor-widget-heading\" data-id=\"96cb727\" data-element_type=\"widget\" data-widget_type=\"heading.default\">\n\t\t\t\t<div class=\"elementor-widget-container\">\n\t\t\t\t\t<h2 class=\"elementor-heading-title elementor-size-default\">KONTAKT<\/h2>\t\t\t\t<\/div>\n\t\t\t\t<\/div>\n\t\t\t\t\t<\/div>\n\t\t\t\t<\/div>\n\t\t\t\t<\/div>\n\t\t<div class=\"elementor-element elementor-element-f394d62 e-con-full e-flex e-con e-parent\" data-id=\"f394d62\" data-element_type=\"container\" data-settings=\"{&quot;background_background&quot;:&quot;classic&quot;}\">\n\t\t<div class=\"elementor-element elementor-element-dee0a70 e-flex e-con-boxed e-con e-child\" data-id=\"dee0a70\" data-element_type=\"container\">\n\t\t\t\t\t<div class=\"e-con-inner\">\n\t\t\t\t<div class=\"elementor-element elementor-element-c2561bf elementor-widget__width-initial elementor-widget elementor-widget-text-editor\" data-id=\"c2561bf\" data-element_type=\"widget\" data-widget_type=\"text-editor.default\">\n\t\t\t\t<div class=\"elementor-widget-container\">\n\t\t\t\t\t\t\t\t\tF\u00fcr weitere Einblicke, Anfragen oder Kooperationsbem\u00fchungen bez\u00fcglich des DECODE-Projekts empfehlen wir Ihnen, sich mit den folgenden wichtigen Kontakten in Verbindung zu setzen:\t\t\t\t\t\t\t\t<\/div>\n\t\t\t\t<\/div>\n\t\t\t\t\t<\/div>\n\t\t\t\t<\/div>\n\t\t\t\t<\/div>\n\t\t<div class=\"elementor-element elementor-element-dd1b371 e-con-full msr-decore-contact-wrapper e-flex e-con e-parent\" data-id=\"dd1b371\" data-element_type=\"container\" data-settings=\"{&quot;background_background&quot;:&quot;classic&quot;}\">\n\t\t<div class=\"elementor-element elementor-element-eda16cc e-flex e-con-boxed e-con e-child\" data-id=\"eda16cc\" data-element_type=\"container\">\n\t\t\t\t\t<div class=\"e-con-inner\">\n\t\t<div class=\"elementor-element elementor-element-6e656eb e-con-full animated-slow e-flex elementor-invisible e-con e-child\" data-id=\"6e656eb\" data-element_type=\"container\" data-settings=\"{&quot;animation&quot;:&quot;fadeInUp&quot;,&quot;animation_delay&quot;:100}\">\n\t\t\t\t<div class=\"elementor-element elementor-element-feed14f elementor-position-top elementor-widget elementor-widget-image-box\" data-id=\"feed14f\" data-element_type=\"widget\" data-widget_type=\"image-box.default\">\n\t\t\t\t<div class=\"elementor-widget-container\">\n\t\t\t\t\t<div class=\"elementor-image-box-wrapper\"><figure class=\"elementor-image-box-img\"><img decoding=\"async\" width=\"128\" height=\"128\" src=\"https:\/\/decode-training.eu\/wp-content\/uploads\/2023\/11\/6-1.png\" class=\"attachment-full size-full wp-image-1262\" alt=\"\" \/><\/figure><div class=\"elementor-image-box-content\"><h3 class=\"elementor-image-box-title\">Norwegen (DalPro):<\/h3><p class=\"elementor-image-box-description\">Sandra Bergsnev Email: sandra@dalpro.no <br>Elisa HelgebostadEmail: elisa@dalpro.no<\/p><\/div><\/div>\t\t\t\t<\/div>\n\t\t\t\t<\/div>\n\t\t\t\t<\/div>\n\t\t<div class=\"elementor-element elementor-element-fc8797f e-con-full animated-slow e-flex elementor-invisible e-con e-child\" data-id=\"fc8797f\" data-element_type=\"container\" data-settings=\"{&quot;animation&quot;:&quot;fadeInUp&quot;,&quot;animation_delay&quot;:100}\">\n\t\t\t\t<div class=\"elementor-element elementor-element-b3409ed elementor-position-top elementor-widget elementor-widget-image-box\" data-id=\"b3409ed\" data-element_type=\"widget\" data-widget_type=\"image-box.default\">\n\t\t\t\t<div class=\"elementor-widget-container\">\n\t\t\t\t\t<div class=\"elementor-image-box-wrapper\"><figure class=\"elementor-image-box-img\"><img decoding=\"async\" width=\"128\" height=\"128\" src=\"https:\/\/decode-training.eu\/wp-content\/uploads\/2023\/11\/6-1.png\" class=\"attachment-full size-full wp-image-1262\" alt=\"\" \/><\/figure><div class=\"elementor-image-box-content\"><h3 class=\"elementor-image-box-title\">\u00d6sterreich (Vienna Association of Education Volunteers):<\/h3><p class=\"elementor-image-box-description\">Dana MalehEmail: pr8@ngohub.eu<br>Laura OyuelaEmail: pr5@ngohub.eu<\/p><\/div><\/div>\t\t\t\t<\/div>\n\t\t\t\t<\/div>\n\t\t\t\t<\/div>\n\t\t\t\t\t<\/div>\n\t\t\t\t<\/div>\n\t\t<div class=\"elementor-element elementor-element-2ced4d4 e-flex e-con-boxed e-con e-child\" data-id=\"2ced4d4\" data-element_type=\"container\">\n\t\t\t\t\t<div class=\"e-con-inner\">\n\t\t<div class=\"elementor-element elementor-element-e6b9acd e-con-full animated-slow e-flex elementor-invisible e-con e-child\" data-id=\"e6b9acd\" data-element_type=\"container\" data-settings=\"{&quot;animation&quot;:&quot;fadeInUp&quot;,&quot;animation_delay&quot;:100}\">\n\t\t\t\t<div class=\"elementor-element elementor-element-e62145e elementor-position-top elementor-widget elementor-widget-image-box\" data-id=\"e62145e\" data-element_type=\"widget\" data-widget_type=\"image-box.default\">\n\t\t\t\t<div class=\"elementor-widget-container\">\n\t\t\t\t\t<div class=\"elementor-image-box-wrapper\"><figure class=\"elementor-image-box-img\"><img decoding=\"async\" width=\"128\" height=\"128\" src=\"https:\/\/decode-training.eu\/wp-content\/uploads\/2023\/11\/6-1.png\" class=\"attachment-full size-full wp-image-1262\" alt=\"\" \/><\/figure><div class=\"elementor-image-box-content\"><h3 class=\"elementor-image-box-title\">Zypern (Synthesis Center for Research & Education):<\/h3><p class=\"elementor-image-box-description\">Stefania Savva\n<br>Email: stephania@synthesis-center.com<\/p><\/div><\/div>\t\t\t\t<\/div>\n\t\t\t\t<\/div>\n\t\t\t\t<\/div>\n\t\t<div class=\"elementor-element elementor-element-75dce8e e-con-full animated-slow e-flex elementor-invisible e-con e-child\" data-id=\"75dce8e\" data-element_type=\"container\" data-settings=\"{&quot;animation&quot;:&quot;fadeInUp&quot;,&quot;animation_delay&quot;:100}\">\n\t\t\t\t<div class=\"elementor-element elementor-element-30c95b4 elementor-position-top elementor-widget elementor-widget-image-box\" data-id=\"30c95b4\" data-element_type=\"widget\" data-widget_type=\"image-box.default\">\n\t\t\t\t<div class=\"elementor-widget-container\">\n\t\t\t\t\t<div class=\"elementor-image-box-wrapper\"><figure class=\"elementor-image-box-img\"><img decoding=\"async\" width=\"128\" height=\"128\" src=\"https:\/\/decode-training.eu\/wp-content\/uploads\/2023\/11\/6-1.png\" class=\"attachment-full size-full wp-image-1262\" alt=\"\" \/><\/figure><div class=\"elementor-image-box-content\"><h3 class=\"elementor-image-box-title\">Griechenland (Akadimos Lifelong Learning Center):<\/h3><p class=\"elementor-image-box-description\">George StergioulasEmail: stergioulasakadimoskdvm@gmail.com<br>Maria KoimisoglouEmail: akadimos.erasmus@gmail.com<\/p><\/div><\/div>\t\t\t\t<\/div>\n\t\t\t\t<\/div>\n\t\t\t\t<\/div>\n\t\t\t\t\t<\/div>\n\t\t\t\t<\/div>\n\t\t\t\t<\/div>\n\t\t\t\t<\/div>\n\t\t","protected":false},"excerpt":{"rendered":"<p>KONTAKT F\u00fcr weitere Einblicke, Anfragen oder Kooperationsbem\u00fchungen bez\u00fcglich des DECODE-Projekts empfehlen wir Ihnen, sich mit den folgenden wichtigen Kontakten in Verbindung zu setzen: Norwegen (DalPro): Sandra Bergsnev Email: sandra@dalpro.no Elisa HelgebostadEmail: elisa@dalpro.no \u00d6sterreich (Vienna Association of Education Volunteers): Dana MalehEmail: pr8@ngohub.euLaura OyuelaEmail: pr5@ngohub.eu Zypern (Synthesis Center for Research &#038; Education): Stefania Savva Email: stephania@synthesis-center.com Griechenland [&hellip;]<\/p>\n","protected":false},"author":1,"featured_media":0,"parent":0,"menu_order":0,"comment_status":"closed","ping_status":"closed","template":"","meta":{"footnotes":""},"class_list":["post-1574","page","type-page","status-publish","hentry"],"_links":{"self":[{"href":"https:\/\/decode-training.eu\/de\/wp-json\/wp\/v2\/pages\/1574","targetHints":{"allow":["GET"]}}],"collection":[{"href":"https:\/\/decode-training.eu\/de\/wp-json\/wp\/v2\/pages"}],"about":[{"href":"https:\/\/decode-training.eu\/de\/wp-json\/wp\/v2\/types\/page"}],"author":[{"embeddable":true,"href":"https:\/\/decode-training.eu\/de\/wp-json\/wp\/v2\/users\/1"}],"replies":[{"embeddable":true,"href":"https:\/\/decode-training.eu\/de\/wp-json\/wp\/v2\/comments?post=1574"}],"version-history":[{"count":7,"href":"https:\/\/decode-training.eu\/de\/wp-json\/wp\/v2\/pages\/1574\/revisions"}],"predecessor-version":[{"id":2221,"href":"https:\/\/decode-training.eu\/de\/wp-json\/wp\/v2\/pages\/1574\/revisions\/2221"}],"wp:attachment":[{"href":"https:\/\/decode-training.eu\/de\/wp-json\/wp\/v2\/media?parent=1574"}],"curies":[{"name":"wp","href":"https:\/\/api.w.org\/{rel}","templated":true}]}}