{"id":2274,"date":"2024-02-27T09:54:18","date_gmt":"2024-02-27T09:54:18","guid":{"rendered":"https:\/\/decode-training.eu\/policy-paper\/"},"modified":"2024-02-27T14:11:56","modified_gmt":"2024-02-27T14:11:56","slug":"policy-paper","status":"publish","type":"page","link":"https:\/\/decode-training.eu\/de\/policy-paper\/","title":{"rendered":"Richtlinienhandbuch"},"content":{"rendered":"\t\t<div data-elementor-type=\"wp-page\" data-elementor-id=\"2274\" class=\"elementor elementor-2274 elementor-2230\" data-elementor-post-type=\"page\">\n\t\t\t\t<div class=\"elementor-element elementor-element-5dff4de e-con-full e-flex e-con e-parent\" data-id=\"5dff4de\" data-element_type=\"container\" data-settings=\"{&quot;background_background&quot;:&quot;classic&quot;}\">\n\t\t<div class=\"elementor-element elementor-element-5945b88 e-flex e-con-boxed e-con e-child\" data-id=\"5945b88\" data-element_type=\"container\">\n\t\t\t\t\t<div class=\"e-con-inner\">\n\t\t\t\t<div class=\"elementor-element elementor-element-62b5f6c elementor-widget elementor-widget-heading\" data-id=\"62b5f6c\" data-element_type=\"widget\" data-widget_type=\"heading.default\">\n\t\t\t\t<div class=\"elementor-widget-container\">\n\t\t\t\t\t<h2 class=\"elementor-heading-title elementor-size-default\">Richtlinienhandbuch<\/h2>\t\t\t\t<\/div>\n\t\t\t\t<\/div>\n\t\t\t\t\t<\/div>\n\t\t\t\t<\/div>\n\t\t\t\t<\/div>\n\t\t<div class=\"elementor-element elementor-element-4d72e5e e-con-full e-flex e-con e-parent\" data-id=\"4d72e5e\" data-element_type=\"container\" data-settings=\"{&quot;background_background&quot;:&quot;classic&quot;}\">\n\t\t<div class=\"elementor-element elementor-element-bf28c9a e-flex e-con-boxed e-con e-child\" data-id=\"bf28c9a\" data-element_type=\"container\">\n\t\t\t\t\t<div class=\"e-con-inner\">\n\t\t<div class=\"elementor-element elementor-element-4a95279 e-con-full e-flex e-con e-child\" data-id=\"4a95279\" data-element_type=\"container\" data-settings=\"{&quot;background_background&quot;:&quot;classic&quot;}\">\n\t\t\t\t<div class=\"elementor-element elementor-element-ca64c4e elementor-widget elementor-widget-text-editor\" data-id=\"ca64c4e\" data-element_type=\"widget\" data-widget_type=\"text-editor.default\">\n\t\t\t\t<div class=\"elementor-widget-container\">\n\t\t\t\t\t\t\t\t\t<p><span style=\"font-weight: 400;\">Das DECODE-Projekt konzentriert sich auf die \u00dcberwindung der Schwierigkeiten, mit denen Betreiber, Fachleute und Freiwillige im Kulturtourismus konfrontiert sind, insbesondere in den l\u00e4ndlichen und wirtschaftlich benachteiligten Regionen Europas. Da der Kulturtourismus in der EU immer beliebter wird, werden l\u00e4ndliche Unternehmen durch Probleme bei der Zusammenarbeit und mangelnde Qualifikationen ihrer Arbeitskr\u00e4fte behindert. Dieses Projekt soll diese lokalen Einheiten durch die Bereitstellung der erforderlichen Schulungen in Fertigkeiten, die Integration digitaler Technologien und die Schaffung einer digitalen Plattform f\u00fcr Ressourcen unterst\u00fctzen. Unser Ziel ist es, die erworbenen F\u00e4higkeiten der Teilnehmer durch ein System offener Abzeichen anzuerkennen und zu zertifizieren.\u00a0<\/span><\/p><p><span style=\"font-weight: 400;\">Das Hauptziel des DECODE-Strategiepapiers besteht darin, politische Vorschl\u00e4ge f\u00fcr die Bildung im Kulturtourismus anzubieten, die auf einer gr\u00fcndlichen Umfrage von SYNTHESIS basieren.<\/span><\/p>\t\t\t\t\t\t\t\t<\/div>\n\t\t\t\t<\/div>\n\t\t\t\t<div class=\"elementor-element elementor-element-dea56cb elementor-widget elementor-widget-button\" data-id=\"dea56cb\" data-element_type=\"widget\" data-widget_type=\"button.default\">\n\t\t\t\t<div class=\"elementor-widget-container\">\n\t\t\t\t\t\t\t\t\t<div class=\"elementor-button-wrapper\">\n\t\t\t\t\t<a class=\"elementor-button elementor-button-link elementor-size-md\" href=\"https:\/\/drive.google.com\/file\/d\/1vmo_SiDkfPjWw9A4sXBTRC53KEfUe4Lv\/view?usp=drive_link\" target=\"_blank\">\n\t\t\t\t\t\t<span class=\"elementor-button-content-wrapper\">\n\t\t\t\t\t\t\t\t\t<span class=\"elementor-button-text\">Richtlinienhandbuch<\/span>\n\t\t\t\t\t<\/span>\n\t\t\t\t\t<\/a>\n\t\t\t\t<\/div>\n\t\t\t\t\t\t\t\t<\/div>\n\t\t\t\t<\/div>\n\t\t\t\t<\/div>\n\t\t\t\t\t<\/div>\n\t\t\t\t<\/div>\n\t\t\t\t<\/div>\n\t\t\t\t<\/div>\n\t\t","protected":false},"excerpt":{"rendered":"<p>Richtlinienhandbuch Das DECODE-Projekt konzentriert sich auf die \u00dcberwindung der Schwierigkeiten, mit denen Betreiber, Fachleute und Freiwillige im Kulturtourismus konfrontiert sind, insbesondere in den l\u00e4ndlichen und wirtschaftlich benachteiligten Regionen Europas. Da der Kulturtourismus in der EU immer beliebter wird, werden l\u00e4ndliche Unternehmen durch Probleme bei der Zusammenarbeit und mangelnde Qualifikationen ihrer Arbeitskr\u00e4fte behindert. Dieses Projekt soll [&hellip;]<\/p>\n","protected":false},"author":1,"featured_media":0,"parent":0,"menu_order":0,"comment_status":"closed","ping_status":"closed","template":"","meta":{"footnotes":""},"class_list":["post-2274","page","type-page","status-publish","hentry"],"_links":{"self":[{"href":"https:\/\/decode-training.eu\/de\/wp-json\/wp\/v2\/pages\/2274","targetHints":{"allow":["GET"]}}],"collection":[{"href":"https:\/\/decode-training.eu\/de\/wp-json\/wp\/v2\/pages"}],"about":[{"href":"https:\/\/decode-training.eu\/de\/wp-json\/wp\/v2\/types\/page"}],"author":[{"embeddable":true,"href":"https:\/\/decode-training.eu\/de\/wp-json\/wp\/v2\/users\/1"}],"replies":[{"embeddable":true,"href":"https:\/\/decode-training.eu\/de\/wp-json\/wp\/v2\/comments?post=2274"}],"version-history":[{"count":23,"href":"https:\/\/decode-training.eu\/de\/wp-json\/wp\/v2\/pages\/2274\/revisions"}],"predecessor-version":[{"id":2360,"href":"https:\/\/decode-training.eu\/de\/wp-json\/wp\/v2\/pages\/2274\/revisions\/2360"}],"wp:attachment":[{"href":"https:\/\/decode-training.eu\/de\/wp-json\/wp\/v2\/media?parent=2274"}],"curies":[{"name":"wp","href":"https:\/\/api.w.org\/{rel}","templated":true}]}}