{"id":2470,"date":"2024-04-26T06:12:32","date_gmt":"2024-04-26T06:12:32","guid":{"rendered":"https:\/\/decode-training.eu\/privacy-policy\/"},"modified":"2024-04-26T10:42:54","modified_gmt":"2024-04-26T10:42:54","slug":"privacy-policy","status":"publish","type":"page","link":"https:\/\/decode-training.eu\/de\/privacy-policy\/","title":{"rendered":"Datenschutzrichtlinie"},"content":{"rendered":"\t\t<div data-elementor-type=\"wp-page\" data-elementor-id=\"2470\" class=\"elementor elementor-2470 elementor-2447\" data-elementor-post-type=\"page\">\n\t\t\t\t<div class=\"elementor-element elementor-element-ba20c41 e-flex e-con-boxed e-con e-parent\" data-id=\"ba20c41\" data-element_type=\"container\">\n\t\t\t\t\t<div class=\"e-con-inner\">\n\t\t\t\t<div class=\"elementor-element elementor-element-09199bc elementor-widget elementor-widget-text-editor\" data-id=\"09199bc\" data-element_type=\"widget\" data-widget_type=\"text-editor.default\">\n\t\t\t\t<div class=\"elementor-widget-container\">\n\t\t\t\t\t\t\t\t\t<p>Die von Benutzern der Decode-Website freiwillig bereitgestellten Informationen werden verwendet, um eine direkte und sinnvolle Kommunikation zwischen Benutzern und der Plattform zu erm\u00f6glichen. Dar\u00fcber hinaus werden diese Daten genutzt, um konkrete Nutzeranfragen zu beantworten und die Auftragsabwicklung zu erm\u00f6glichen. Die von Decode gesammelten Informationen werden verwendet, um den Website-Verkehr zu messen, Kundenpr\u00e4ferenzen f\u00fcr zus\u00e4tzliche Produkte zu verstehen und Interaktionen mit der Plattform zu optimieren. Die Plattform gibt die E-Mail-Adressen der Benutzer oder andere benutzerbezogene Informationen nicht an externe Organisationen oder Partner weiter, die nicht mit Decode verbunden sind.<\/p><p><strong>Informationsbeschaffung:<\/strong><\/p><p>Decode hat seine Website so strukturiert, dass Benutzer sie besuchen k\u00f6nnen, ohne ihre Identit\u00e4t preiszugeben, es sei denn, sie m\u00f6chten dies tun. Benutzer werden nur dann zur Angabe personenbezogener Daten aufgefordert, wenn sie eine Bestellung aufgeben, sich auf der Website registrieren oder Decode per E-Mail kontaktieren.<\/p><p><strong>Verwendung der Informationen:<\/strong><\/p><p>Die Plattform sammelt zwei Haupttypen von Benutzerinformationen: (1) Informationen, die bei der Kundenregistrierung bereitgestellt werden, und (2) Informationen, die zur Ausf\u00fchrung von Bestellungen bereitgestellt werden. Beim Ausf\u00fcllen eines Bestellformulars werden Benutzer m\u00f6glicherweise aufgefordert, ihren vollst\u00e4ndigen Namen, ihre Adresse, ihre Postleitzahl, ihre E-Mail-Adresse, ihre Telefonnummer, ihre Kreditkartendaten und ihre Zahlungsmethode anzugeben. Die Informationen werden f\u00fcr die Lieferung von Bestellungen, die Kundenidentifizierung, die Kommunikation \u00fcber neue Produkte und Sonderangebote sowie die Verteilung von Preisen nach einer Verlosung verwendet.<\/p><p><strong>\u00a0<\/strong><\/p><p><strong>Korrigieren, \u00c4ndern oder L\u00f6schen von Informationen:<\/strong><\/p><p>Decode erm\u00f6glicht es Benutzern, ihre \u00fcbermittelten Daten zu korrigieren, zu erg\u00e4nzen, zu vervollst\u00e4ndigen oder zu l\u00f6schen. Die Plattform wird auf Anfrage des Benutzers umgehend handeln und Informationen l\u00f6schen, wobei die Sicherheit und der Schutz der Benutzerdaten Vorrang haben. Benutzer k\u00f6nnen auf personenbezogene Daten zugreifen, diese \u00e4ndern oder l\u00f6schen, indem sie Decode \u00fcber www.decode-training.eu oder \u00fcber die Registrierungsseite kontaktieren.<\/p><p><strong>\u00a0<\/strong><\/p><p><strong>Periodische \u00c4nderungen:<\/strong><\/p><p>Decode verbessert seine Website, Produkte und Dienstleistungen kontinuierlich, was zu regelm\u00e4\u00dfigen Aktualisierungen seiner Datenschutzrichtlinien f\u00fchrt. Benutzern wird empfohlen, die Datenschutzrichtlinie regelm\u00e4\u00dfig auf etwaige \u00c4nderungen zu \u00fcberpr\u00fcfen. Die Plattform kann die Richtlinie ohne vorherige Ank\u00fcndigung \u00e4ndern.<\/p><p><strong>Akzeptanz von Datenschutzverfahren:<\/strong><\/p><p>Durch die Nutzung der Decode-Website akzeptieren Benutzer die Datenschutzerkl\u00e4rung und die angek\u00fcndigten Allgemeinen Gesch\u00e4ftsbedingungen und stimmen ihnen zu.<\/p><p><strong>\u00a0<\/strong><\/p><p><strong>Cookie-Richtlinie:<\/strong><\/p><p>Die Website verwendet Cookies, um das Benutzererlebnis zu verbessern und Statistiken \u00fcber das Besucherverhalten zu sammeln. Cookies sind kleine Textdateien, die auf Ger\u00e4ten zur eindeutigen Identifizierung oder zur Speicherung von Informationen und Einstellungen im Browser gespeichert werden. Benutzer k\u00f6nnen Cookies deaktivieren, einige Funktionen k\u00f6nnen jedoch beeintr\u00e4chtigt sein. Die Plattform verwendet verschiedene Arten von Cookies, darunter unbedingt notwendige, funktionale, detaillierte, gezielte, Betrugspr\u00e4ventions- und Tracking-Cookies sowie Cookies zur Messung der Website-Leistung.<\/p><p>Links zu Websites Dritter auf Decode k\u00f6nnen ihre eigenen Cookies und Datenschutzrichtlinien haben. Benutzern wird empfohlen, diese Richtlinien zu lesen, bevor sie verlinkte Websites Dritter nutzen.<\/p><p><strong>\u00dcberarbeitung der Cookie-Einstellungen im Browser:<\/strong><\/p><p>Benutzer k\u00f6nnen Cookie-Einstellungen \u00fcber ihren Webbrowser verwalten. Anweisungen zum Verwalten von Cookies werden von den g\u00e4ngigen Browsern wie Internet Explorer, Firefox, Google Chrome und Safari bereitgestellt. Benutzern wird empfohlen, die neuesten Informationen zur Cookie-Verwaltung in der offiziellen Literatur des Herstellers zu finden.<\/p><p>Die weitere Nutzung der Website setzt die Zustimmung zur Verwendung von Cookies voraus.<\/p>\t\t\t\t\t\t\t\t<\/div>\n\t\t\t\t<\/div>\n\t\t\t\t\t<\/div>\n\t\t\t\t<\/div>\n\t\t\t\t<\/div>\n\t\t","protected":false},"excerpt":{"rendered":"<p>Die von Benutzern der Decode-Website freiwillig bereitgestellten Informationen werden verwendet, um eine direkte und sinnvolle Kommunikation zwischen Benutzern und der Plattform zu erm\u00f6glichen. Dar\u00fcber hinaus werden diese Daten genutzt, um konkrete Nutzeranfragen zu beantworten und die Auftragsabwicklung zu erm\u00f6glichen. Die von Decode gesammelten Informationen werden verwendet, um den Website-Verkehr zu messen, Kundenpr\u00e4ferenzen f\u00fcr zus\u00e4tzliche Produkte [&hellip;]<\/p>\n","protected":false},"author":1,"featured_media":0,"parent":0,"menu_order":0,"comment_status":"closed","ping_status":"closed","template":"","meta":{"footnotes":""},"class_list":["post-2470","page","type-page","status-publish","hentry"],"_links":{"self":[{"href":"https:\/\/decode-training.eu\/de\/wp-json\/wp\/v2\/pages\/2470","targetHints":{"allow":["GET"]}}],"collection":[{"href":"https:\/\/decode-training.eu\/de\/wp-json\/wp\/v2\/pages"}],"about":[{"href":"https:\/\/decode-training.eu\/de\/wp-json\/wp\/v2\/types\/page"}],"author":[{"embeddable":true,"href":"https:\/\/decode-training.eu\/de\/wp-json\/wp\/v2\/users\/1"}],"replies":[{"embeddable":true,"href":"https:\/\/decode-training.eu\/de\/wp-json\/wp\/v2\/comments?post=2470"}],"version-history":[{"count":4,"href":"https:\/\/decode-training.eu\/de\/wp-json\/wp\/v2\/pages\/2470\/revisions"}],"predecessor-version":[{"id":2484,"href":"https:\/\/decode-training.eu\/de\/wp-json\/wp\/v2\/pages\/2470\/revisions\/2484"}],"wp:attachment":[{"href":"https:\/\/decode-training.eu\/de\/wp-json\/wp\/v2\/media?parent=2470"}],"curies":[{"name":"wp","href":"https:\/\/api.w.org\/{rel}","templated":true}]}}