{"id":1584,"date":"2023-11-22T09:46:11","date_gmt":"2023-11-22T09:46:11","guid":{"rendered":"https:\/\/decode-training.eu\/home-page\/"},"modified":"2023-12-06T08:47:21","modified_gmt":"2023-12-06T08:47:21","slug":"home-page","status":"publish","type":"page","link":"https:\/\/decode-training.eu\/no\/","title":{"rendered":"Home Page"},"content":{"rendered":"\t\t<div data-elementor-type=\"wp-page\" data-elementor-id=\"1584\" class=\"elementor elementor-1584 elementor-27\" data-elementor-post-type=\"page\">\n\t\t\t\t<div class=\"elementor-element elementor-element-247970e e-con-full e-flex e-con e-parent\" data-id=\"247970e\" data-element_type=\"container\" data-settings=\"{&quot;background_background&quot;:&quot;classic&quot;,&quot;shape_divider_bottom&quot;:&quot;triangle&quot;,&quot;shape_divider_bottom_negative&quot;:&quot;yes&quot;}\">\n\t\t\t\t<div class=\"elementor-shape elementor-shape-bottom\" aria-hidden=\"true\" data-negative=\"true\">\n\t\t\t<svg xmlns=\"http:\/\/www.w3.org\/2000\/svg\" viewBox=\"0 0 1000 100\" preserveAspectRatio=\"none\">\n\t<path class=\"elementor-shape-fill\" d=\"M500.2,94.7L0,0v100h1000V0L500.2,94.7z\"\/>\n<\/svg>\t\t<\/div>\n\t\t<div class=\"elementor-element elementor-element-a6e904c e-flex e-con-boxed e-con e-child\" data-id=\"a6e904c\" data-element_type=\"container\">\n\t\t\t\t\t<div class=\"e-con-inner\">\n\t\t<div class=\"elementor-element elementor-element-e4499ec e-con-full e-flex e-con e-child\" data-id=\"e4499ec\" data-element_type=\"container\">\n\t\t\t\t<div class=\"elementor-element elementor-element-0f61669 elementor-widget elementor-widget-heading\" data-id=\"0f61669\" data-element_type=\"widget\" data-widget_type=\"heading.default\">\n\t\t\t\t<div class=\"elementor-widget-container\">\n\t\t\t\t\t<h2 class=\"elementor-heading-title elementor-size-default\">DECODE<\/h2>\t\t\t\t<\/div>\n\t\t\t\t<\/div>\n\t\t\t\t<\/div>\n\t\t\t\t\t<\/div>\n\t\t\t\t<\/div>\n\t\t\t\t<\/div>\n\t\t<div class=\"elementor-element elementor-element-1d034aec e-flex e-con-boxed e-con e-parent\" data-id=\"1d034aec\" data-element_type=\"container\" data-settings=\"{&quot;background_background&quot;:&quot;classic&quot;}\">\n\t\t\t\t\t<div class=\"e-con-inner\">\n\t\t<div class=\"elementor-element elementor-element-49c1f758 e-con-full e-flex e-con e-child\" data-id=\"49c1f758\" data-element_type=\"container\">\n\t\t\t\t<div class=\"elementor-element elementor-element-cdadd33 elementor-widget elementor-widget-text-editor\" data-id=\"cdadd33\" data-element_type=\"widget\" data-widget_type=\"text-editor.default\">\n\t\t\t\t<div class=\"elementor-widget-container\">\n\t\t\t\t\t\t\t\t\t<p>M\u00e5let med DECODE er \u00e5 avkode trender og krav til kompetanse og digitale ferdigheter blandt alle som jobber innenfor kulturturisme i distriktene i Europa.<\/p><p>Kultur turisme er en popul\u00e6r trend blandt tilreisende innenfor EU. 4 av 10 europeiske turister velger destinasjoner basert p\u00e5 hva stedene kan tilby kulturellt. Sm\u00e5 bedrifter i utkantstr\u00f8k kan dra stor nytte av \u00e5 knytte nettverk med andre i tillegg til \u00e5 f\u00e5 mer digitale ferdigheter og utvikle bedriftskonseptet sitt.<\/p><p>Arbeidet med dette prosjektet er tilpasset til alle de ulike akt\u00f8rene innenfor kulturturisme. Om det er jobb med ulike h\u00e5ndtverk, matproduksjon, guideservice eller reiseselskap, de som er profesjonelle eller frivillige. Decode tilbyr en treningsplattform med fokus p\u00e5 utvikling av digitale ferdigheter, men ogs\u00e5 p\u00e5 tema som; merkevarebygging, produktutvikling, sosiale medier og nettverksbygging. Decode online kurset vil etter gjennomf\u00f8ring f\u00f8re til godkjenning med digitale badges (diplom) som bekrefter oppn\u00e5dd kompetanse.<\/p>\t\t\t\t\t\t\t\t<\/div>\n\t\t\t\t<\/div>\n\t\t\t\t<\/div>\n\t\t<div class=\"elementor-element elementor-element-71797b71 e-con-full e-flex e-con e-child\" data-id=\"71797b71\" data-element_type=\"container\">\n\t\t\t\t<div class=\"elementor-element elementor-element-74b28720 elementor-widget-mobile__width-initial elementor-widget__width-initial elementor-widget-tablet__width-initial elementor-invisible elementor-widget elementor-widget-image\" data-id=\"74b28720\" data-element_type=\"widget\" data-settings=\"{&quot;_animation&quot;:&quot;fadeInDown&quot;}\" data-widget_type=\"image.default\">\n\t\t\t\t<div class=\"elementor-widget-container\">\n\t\t\t\t\t\t\t\t\t\t\t\t\t\t\t<img fetchpriority=\"high\" decoding=\"async\" width=\"331\" height=\"400\" src=\"https:\/\/decode-training.eu\/wp-content\/uploads\/2023\/11\/home1.jpg\" class=\"attachment-large size-large wp-image-430\" alt=\"\" srcset=\"https:\/\/decode-training.eu\/wp-content\/uploads\/2023\/11\/home1.jpg 331w, https:\/\/decode-training.eu\/wp-content\/uploads\/2023\/11\/home1-248x300.jpg 248w\" sizes=\"(max-width: 331px) 100vw, 331px\" \/>\t\t\t\t\t\t\t\t\t\t\t\t\t\t\t<\/div>\n\t\t\t\t<\/div>\n\t\t\t\t<div class=\"elementor-element elementor-element-52bc8e2f elementor-widget-mobile__width-initial elementor-widget__width-initial elementor-widget-tablet__width-initial elementor-invisible elementor-widget elementor-widget-image\" data-id=\"52bc8e2f\" data-element_type=\"widget\" data-settings=\"{&quot;_animation&quot;:&quot;fadeInRight&quot;}\" data-widget_type=\"image.default\">\n\t\t\t\t<div class=\"elementor-widget-container\">\n\t\t\t\t\t\t\t\t\t\t\t\t\t\t\t<img decoding=\"async\" width=\"331\" height=\"400\" src=\"https:\/\/decode-training.eu\/wp-content\/uploads\/2023\/11\/home3.jpg\" class=\"attachment-large size-large wp-image-441\" alt=\"\" srcset=\"https:\/\/decode-training.eu\/wp-content\/uploads\/2023\/11\/home3.jpg 331w, https:\/\/decode-training.eu\/wp-content\/uploads\/2023\/11\/home3-248x300.jpg 248w\" sizes=\"(max-width: 331px) 100vw, 331px\" \/>\t\t\t\t\t\t\t\t\t\t\t\t\t\t\t<\/div>\n\t\t\t\t<\/div>\n\t\t\t\t<div class=\"elementor-element elementor-element-6bce8997 elementor-widget-mobile__width-initial elementor-widget__width-initial elementor-widget-tablet__width-initial elementor-invisible elementor-widget elementor-widget-image\" data-id=\"6bce8997\" data-element_type=\"widget\" data-settings=\"{&quot;_animation&quot;:&quot;fadeInUp&quot;}\" data-widget_type=\"image.default\">\n\t\t\t\t<div class=\"elementor-widget-container\">\n\t\t\t\t\t\t\t\t\t\t\t\t\t\t\t<img decoding=\"async\" width=\"331\" height=\"400\" src=\"https:\/\/decode-training.eu\/wp-content\/uploads\/2023\/11\/home4.jpg\" class=\"attachment-large size-large wp-image-448\" alt=\"\" srcset=\"https:\/\/decode-training.eu\/wp-content\/uploads\/2023\/11\/home4.jpg 331w, https:\/\/decode-training.eu\/wp-content\/uploads\/2023\/11\/home4-248x300.jpg 248w\" sizes=\"(max-width: 331px) 100vw, 331px\" \/>\t\t\t\t\t\t\t\t\t\t\t\t\t\t\t<\/div>\n\t\t\t\t<\/div>\n\t\t\t\t<div class=\"elementor-element elementor-element-42a4ba08 elementor-widget-mobile__width-initial elementor-widget__width-initial elementor-widget-tablet__width-initial elementor-invisible elementor-widget elementor-widget-image\" data-id=\"42a4ba08\" data-element_type=\"widget\" data-settings=\"{&quot;_animation&quot;:&quot;fadeInRight&quot;,&quot;_animation_delay&quot;:&quot;200&quot;}\" data-widget_type=\"image.default\">\n\t\t\t\t<div class=\"elementor-widget-container\">\n\t\t\t\t\t\t\t\t\t\t\t\t\t\t\t<img loading=\"lazy\" decoding=\"async\" width=\"331\" height=\"400\" src=\"https:\/\/decode-training.eu\/wp-content\/uploads\/2023\/11\/home2.jpg\" class=\"attachment-large size-large wp-image-434\" alt=\"\" srcset=\"https:\/\/decode-training.eu\/wp-content\/uploads\/2023\/11\/home2.jpg 331w, https:\/\/decode-training.eu\/wp-content\/uploads\/2023\/11\/home2-248x300.jpg 248w\" sizes=\"(max-width: 331px) 100vw, 331px\" \/>\t\t\t\t\t\t\t\t\t\t\t\t\t\t\t<\/div>\n\t\t\t\t<\/div>\n\t\t\t\t<\/div>\n\t\t\t\t\t<\/div>\n\t\t\t\t<\/div>\n\t\t<div class=\"elementor-element elementor-element-3dcfd3a8 e-con-full e-flex e-con e-parent\" data-id=\"3dcfd3a8\" data-element_type=\"container\" data-settings=\"{&quot;background_background&quot;:&quot;classic&quot;}\">\n\t\t<div class=\"elementor-element elementor-element-430457eb e-flex e-con-boxed e-con e-child\" data-id=\"430457eb\" data-element_type=\"container\">\n\t\t\t\t\t<div class=\"e-con-inner\">\n\t\t\t\t<div class=\"elementor-element elementor-element-1f1ead0 msr-wrapper-title-after elementor-widget elementor-widget-heading\" data-id=\"1f1ead0\" data-element_type=\"widget\" data-widget_type=\"heading.default\">\n\t\t\t\t<div class=\"elementor-widget-container\">\n\t\t\t\t\t<h2 class=\"elementor-heading-title elementor-size-default\">Forventede resultater<\/h2>\t\t\t\t<\/div>\n\t\t\t\t<\/div>\n\t\t\t\t<div class=\"elementor-element elementor-element-4f83e0fb elementor-widget__width-initial elementor-widget elementor-widget-text-editor\" data-id=\"4f83e0fb\" data-element_type=\"widget\" data-widget_type=\"text-editor.default\">\n\t\t\t\t<div class=\"elementor-widget-container\">\n\t\t\t\t\t\t\t\t\t<p>Decode prosjektet vil s\u00f8ke \u00e5 finne veier for \u00e5 n\u00e5 ut med kompetanseheving til alle innenfor kulturturisme i distriktene gjennom denne treningslattformen.<\/p>\n\t\t\t\t\t\t\t\t<\/div>\n\t\t\t\t<\/div>\n\t\t\t\t\t<\/div>\n\t\t\t\t<\/div>\n\t\t\t\t<\/div>\n\t\t<div class=\"elementor-element elementor-element-cb6811a e-con-full msr-decode-wrapper-img-home e-flex e-con e-parent\" data-id=\"cb6811a\" data-element_type=\"container\" data-settings=\"{&quot;background_background&quot;:&quot;classic&quot;}\">\n\t\t<div class=\"elementor-element elementor-element-28881edf e-flex e-con-boxed e-con e-child\" data-id=\"28881edf\" data-element_type=\"container\">\n\t\t\t\t\t<div class=\"e-con-inner\">\n\t\t<div class=\"elementor-element elementor-element-c5b1f82 e-con-full animated-slow e-flex elementor-invisible e-con e-child\" data-id=\"c5b1f82\" data-element_type=\"container\" data-settings=\"{&quot;animation&quot;:&quot;fadeInUp&quot;,&quot;animation_delay&quot;:100}\">\n\t\t\t\t<div class=\"elementor-element elementor-element-bc29518 elementor-position-top elementor-widget elementor-widget-image-box\" data-id=\"bc29518\" data-element_type=\"widget\" data-widget_type=\"image-box.default\">\n\t\t\t\t<div class=\"elementor-widget-container\">\n\t\t\t\t\t<div class=\"elementor-image-box-wrapper\"><figure class=\"elementor-image-box-img\"><img loading=\"lazy\" decoding=\"async\" width=\"128\" height=\"128\" src=\"https:\/\/decode-training.eu\/wp-content\/uploads\/2023\/11\/6-1.png\" class=\"attachment-full size-full wp-image-1262\" alt=\"\" \/><\/figure><div class=\"elementor-image-box-content\"><p class=\"elementor-image-box-description\">Fasilitere for at de som jobber innenfor kulturturisme i distriktene f\u00e5r tilgang p\u00e5 ny kunnskap og kompetanse.<\/p><\/div><\/div>\t\t\t\t<\/div>\n\t\t\t\t<\/div>\n\t\t\t\t<\/div>\n\t\t<div class=\"elementor-element elementor-element-8f949dd e-con-full animated-slow e-flex elementor-invisible e-con e-child\" data-id=\"8f949dd\" data-element_type=\"container\" data-settings=\"{&quot;animation&quot;:&quot;fadeInUp&quot;,&quot;animation_delay&quot;:200}\">\n\t\t\t\t<div class=\"elementor-element elementor-element-58b0de3 elementor-position-top elementor-widget elementor-widget-image-box\" data-id=\"58b0de3\" data-element_type=\"widget\" data-widget_type=\"image-box.default\">\n\t\t\t\t<div class=\"elementor-widget-container\">\n\t\t\t\t\t<div class=\"elementor-image-box-wrapper\"><figure class=\"elementor-image-box-img\"><img loading=\"lazy\" decoding=\"async\" width=\"128\" height=\"128\" src=\"https:\/\/decode-training.eu\/wp-content\/uploads\/2023\/11\/7.png\" class=\"attachment-full size-full wp-image-1258\" alt=\"\" \/><\/figure><div class=\"elementor-image-box-content\"><p class=\"elementor-image-box-description\">Utvikle en innovativ og interaktiv treningsplattform tilpasset de som jobber innenfor kulturturisme i distriktene.<\/p><\/div><\/div>\t\t\t\t<\/div>\n\t\t\t\t<\/div>\n\t\t\t\t<\/div>\n\t\t<div class=\"elementor-element elementor-element-bcc665d e-con-full animated-slow e-flex elementor-invisible e-con e-child\" data-id=\"bcc665d\" data-element_type=\"container\" data-settings=\"{&quot;animation&quot;:&quot;fadeInUp&quot;,&quot;animation_delay&quot;:300}\">\n\t\t\t\t<div class=\"elementor-element elementor-element-a0d706a elementor-position-top elementor-widget elementor-widget-image-box\" data-id=\"a0d706a\" data-element_type=\"widget\" data-widget_type=\"image-box.default\">\n\t\t\t\t<div class=\"elementor-widget-container\">\n\t\t\t\t\t<div class=\"elementor-image-box-wrapper\"><figure class=\"elementor-image-box-img\"><img loading=\"lazy\" decoding=\"async\" width=\"128\" height=\"128\" src=\"https:\/\/decode-training.eu\/wp-content\/uploads\/2023\/11\/8.png\" class=\"attachment-full size-full wp-image-1254\" alt=\"\" \/><\/figure><div class=\"elementor-image-box-content\"><p class=\"elementor-image-box-description\">Gjennomf\u00f8re en l\u00e6re, teste og trenings samling tilpasset minst 12 voksne innenfor kulturturisme.<\/p><\/div><\/div>\t\t\t\t<\/div>\n\t\t\t\t<\/div>\n\t\t\t\t<\/div>\n\t\t<div class=\"elementor-element elementor-element-9e11276 e-con-full animated-slow e-flex elementor-invisible e-con e-child\" data-id=\"9e11276\" data-element_type=\"container\" data-settings=\"{&quot;animation&quot;:&quot;fadeInUp&quot;,&quot;animation_delay&quot;:400}\">\n\t\t\t\t<div class=\"elementor-element elementor-element-c375b1e elementor-position-top elementor-widget elementor-widget-image-box\" data-id=\"c375b1e\" data-element_type=\"widget\" data-widget_type=\"image-box.default\">\n\t\t\t\t<div class=\"elementor-widget-container\">\n\t\t\t\t\t<div class=\"elementor-image-box-wrapper\"><figure class=\"elementor-image-box-img\"><img loading=\"lazy\" decoding=\"async\" width=\"128\" height=\"128\" src=\"https:\/\/decode-training.eu\/wp-content\/uploads\/2023\/11\/4-1.png\" class=\"attachment-full size-full wp-image-1270\" alt=\"\" \/><\/figure><div class=\"elementor-image-box-content\"><p class=\"elementor-image-box-description\"> Samle 6 nasjonale rapporter i etterkant for \u00e5 forbedre treningsplattformen ytterligere.<\/p><\/div><\/div>\t\t\t\t<\/div>\n\t\t\t\t<\/div>\n\t\t\t\t<\/div>\n\t\t<div class=\"elementor-element elementor-element-5da371d e-con-full animated-slow e-flex elementor-invisible e-con e-child\" data-id=\"5da371d\" data-element_type=\"container\" data-settings=\"{&quot;animation&quot;:&quot;fadeInUp&quot;,&quot;animation_delay&quot;:500}\">\n\t\t\t\t<div class=\"elementor-element elementor-element-ada67c6 elementor-position-top elementor-widget elementor-widget-image-box\" data-id=\"ada67c6\" data-element_type=\"widget\" data-widget_type=\"image-box.default\">\n\t\t\t\t<div class=\"elementor-widget-container\">\n\t\t\t\t\t<div class=\"elementor-image-box-wrapper\"><figure class=\"elementor-image-box-img\"><img loading=\"lazy\" decoding=\"async\" width=\"128\" height=\"128\" src=\"https:\/\/decode-training.eu\/wp-content\/uploads\/2023\/11\/5-1.png\" class=\"attachment-full size-full wp-image-1266\" alt=\"\" \/><\/figure><div class=\"elementor-image-box-content\"><p class=\"elementor-image-box-description\">Trene opp 60 lokale innenfor kulturturisme som har tilhold i ute i distriktene. <\/p><\/div><\/div>\t\t\t\t<\/div>\n\t\t\t\t<\/div>\n\t\t\t\t<\/div>\n\t\t\t\t\t<\/div>\n\t\t\t\t<\/div>\n\t\t<div class=\"elementor-element elementor-element-16fc706 e-flex e-con-boxed e-con e-child\" data-id=\"16fc706\" data-element_type=\"container\">\n\t\t\t\t\t<div class=\"e-con-inner\">\n\t\t<div class=\"elementor-element elementor-element-4c60cdb e-con-full animated-slow e-flex elementor-invisible e-con e-child\" data-id=\"4c60cdb\" data-element_type=\"container\" data-settings=\"{&quot;animation&quot;:&quot;fadeInUp&quot;,&quot;animation_delay&quot;:600}\">\n\t\t\t\t<div class=\"elementor-element elementor-element-44165ae elementor-position-top elementor-widget elementor-widget-image-box\" data-id=\"44165ae\" data-element_type=\"widget\" data-widget_type=\"image-box.default\">\n\t\t\t\t<div class=\"elementor-widget-container\">\n\t\t\t\t\t<div class=\"elementor-image-box-wrapper\"><figure class=\"elementor-image-box-img\"><img loading=\"lazy\" decoding=\"async\" width=\"128\" height=\"128\" src=\"https:\/\/decode-training.eu\/wp-content\/uploads\/2023\/11\/3-1.png\" class=\"attachment-full size-full wp-image-1274\" alt=\"\" \/><\/figure><div class=\"elementor-image-box-content\"><p class=\"elementor-image-box-description\">Etablere en online treningsplattform med interaktivt materiale og badge- akkreditering (digital diplom)  for \u00e5 bekrefte oppn\u00e5dde kunnskaper.<\/p><\/div><\/div>\t\t\t\t<\/div>\n\t\t\t\t<\/div>\n\t\t\t\t<\/div>\n\t\t<div class=\"elementor-element elementor-element-077ae1a e-con-full animated-slow e-flex elementor-invisible e-con e-child\" data-id=\"077ae1a\" data-element_type=\"container\" data-settings=\"{&quot;animation&quot;:&quot;fadeInUp&quot;,&quot;animation_delay&quot;:700}\">\n\t\t\t\t<div class=\"elementor-element elementor-element-9fdd114 elementor-position-top elementor-widget elementor-widget-image-box\" data-id=\"9fdd114\" data-element_type=\"widget\" data-widget_type=\"image-box.default\">\n\t\t\t\t<div class=\"elementor-widget-container\">\n\t\t\t\t\t<div class=\"elementor-image-box-wrapper\"><figure class=\"elementor-image-box-img\"><img loading=\"lazy\" decoding=\"async\" width=\"128\" height=\"128\" src=\"https:\/\/decode-training.eu\/wp-content\/uploads\/2023\/11\/2-1.png\" class=\"attachment-full size-full wp-image-1242\" alt=\"\" \/><\/figure><div class=\"elementor-image-box-content\"><p class=\"elementor-image-box-description\">Organisere tre transnasjonale m\u00f8ter og et transnasjonalt online partner m\u00f8te.<\/p><\/div><\/div>\t\t\t\t<\/div>\n\t\t\t\t<\/div>\n\t\t\t\t<\/div>\n\t\t<div class=\"elementor-element elementor-element-760d41b e-con-full animated-slow e-flex elementor-invisible e-con e-child\" data-id=\"760d41b\" data-element_type=\"container\" data-settings=\"{&quot;animation&quot;:&quot;fadeInUp&quot;,&quot;animation_delay&quot;:800}\">\n\t\t\t\t<div class=\"elementor-element elementor-element-347ca8c elementor-position-top elementor-widget elementor-widget-image-box\" data-id=\"347ca8c\" data-element_type=\"widget\" data-widget_type=\"image-box.default\">\n\t\t\t\t<div class=\"elementor-widget-container\">\n\t\t\t\t\t<div class=\"elementor-image-box-wrapper\"><figure class=\"elementor-image-box-img\"><img loading=\"lazy\" decoding=\"async\" width=\"128\" height=\"128\" src=\"https:\/\/decode-training.eu\/wp-content\/uploads\/2023\/11\/9.png\" class=\"attachment-full size-full wp-image-1250\" alt=\"\" \/><\/figure><div class=\"elementor-image-box-content\"><p class=\"elementor-image-box-description\">Utf\u00f8re 6 multiplier event (5 nasjonale og et transnasjonalt) <\/p><\/div><\/div>\t\t\t\t<\/div>\n\t\t\t\t<\/div>\n\t\t\t\t<\/div>\n\t\t<div class=\"elementor-element elementor-element-0d9f296 e-con-full animated-slow e-flex elementor-invisible e-con e-child\" data-id=\"0d9f296\" data-element_type=\"container\" data-settings=\"{&quot;animation&quot;:&quot;fadeInUp&quot;,&quot;animation_delay&quot;:900}\">\n\t\t\t\t<div class=\"elementor-element elementor-element-f3f8860 elementor-position-top elementor-widget elementor-widget-image-box\" data-id=\"f3f8860\" data-element_type=\"widget\" data-widget_type=\"image-box.default\">\n\t\t\t\t<div class=\"elementor-widget-container\">\n\t\t\t\t\t<div class=\"elementor-image-box-wrapper\"><figure class=\"elementor-image-box-img\"><img loading=\"lazy\" decoding=\"async\" width=\"128\" height=\"128\" src=\"https:\/\/decode-training.eu\/wp-content\/uploads\/2023\/11\/1-1.png\" class=\"attachment-full size-full wp-image-1235\" alt=\"\" \/><\/figure><div class=\"elementor-image-box-content\"><p class=\"elementor-image-box-description\">Lage en omfattende plan for deling og promotering av Decode plattformen. <\/p><\/div><\/div>\t\t\t\t<\/div>\n\t\t\t\t<\/div>\n\t\t\t\t<\/div>\n\t\t<div class=\"elementor-element elementor-element-3c23c15 e-con-full animated-slow e-flex elementor-invisible e-con e-child\" data-id=\"3c23c15\" data-element_type=\"container\" data-settings=\"{&quot;animation&quot;:&quot;fadeInUp&quot;,&quot;animation_delay&quot;:1000}\">\n\t\t\t\t<div class=\"elementor-element elementor-element-20540c9 elementor-position-top elementor-widget elementor-widget-image-box\" data-id=\"20540c9\" data-element_type=\"widget\" data-widget_type=\"image-box.default\">\n\t\t\t\t<div class=\"elementor-widget-container\">\n\t\t\t\t\t<div class=\"elementor-image-box-wrapper\"><figure class=\"elementor-image-box-img\"><img loading=\"lazy\" decoding=\"async\" width=\"128\" height=\"128\" src=\"https:\/\/decode-training.eu\/wp-content\/uploads\/2023\/11\/10.png\" class=\"attachment-full size-full wp-image-1246\" alt=\"\" \/><\/figure><div class=\"elementor-image-box-content\"><p class=\"elementor-image-box-description\">Tilrettelegge for videre nettverksmuligheter for prosjektpartnere.<\/p><\/div><\/div>\t\t\t\t<\/div>\n\t\t\t\t<\/div>\n\t\t\t\t<\/div>\n\t\t\t\t\t<\/div>\n\t\t\t\t<\/div>\n\t\t\t\t<\/div>\n\t\t<div class=\"elementor-element elementor-element-792645a e-con-full e-flex e-con e-parent\" data-id=\"792645a\" data-element_type=\"container\" data-settings=\"{&quot;background_background&quot;:&quot;classic&quot;,&quot;background_motion_fx_motion_fx_scrolling&quot;:&quot;yes&quot;,&quot;background_motion_fx_translateX_effect&quot;:&quot;yes&quot;,&quot;background_motion_fx_translateX_speed&quot;:{&quot;unit&quot;:&quot;px&quot;,&quot;size&quot;:4,&quot;sizes&quot;:[]},&quot;background_motion_fx_translateX_affectedRange&quot;:{&quot;unit&quot;:&quot;%&quot;,&quot;size&quot;:&quot;&quot;,&quot;sizes&quot;:{&quot;start&quot;:0,&quot;end&quot;:100}},&quot;background_motion_fx_devices&quot;:[&quot;desktop&quot;,&quot;laptop&quot;,&quot;tablet&quot;,&quot;mobile&quot;]}\">\n\t\t<div class=\"elementor-element elementor-element-e1a3f08 e-flex e-con-boxed e-con e-child\" data-id=\"e1a3f08\" data-element_type=\"container\">\n\t\t\t\t\t<div class=\"e-con-inner\">\n\t\t\t\t<div class=\"elementor-element elementor-element-ab8625a elementor-widget__width-initial elementor-widget elementor-widget-text-editor\" data-id=\"ab8625a\" data-element_type=\"widget\" data-widget_type=\"text-editor.default\">\n\t\t\t\t<div class=\"elementor-widget-container\">\n\t\t\t\t\t\t\t\t\t<p>Decode prosjektet er viktig for at de som jobber innenfor kulturturisme i distriktene skal st\u00e5 sterkere rustet med nye kunnskaper og digitale ferdigheter for den tiden vi er inne i. Alle partnerne i prosjektet bidrar med viktig og bred kompetanse.<\/p>\n\t\t\t\t\t\t\t\t<\/div>\n\t\t\t\t<\/div>\n\t\t\t\t\t<\/div>\n\t\t\t\t<\/div>\n\t\t\t\t<\/div>\n\t\t\t\t<\/div>\n\t\t","protected":false},"excerpt":{"rendered":"<p>DECODE M\u00e5let med DECODE er \u00e5 avkode trender og krav til kompetanse og digitale ferdigheter blandt alle som jobber innenfor kulturturisme i distriktene i Europa. Kultur turisme er en popul\u00e6r trend blandt tilreisende innenfor EU. 4 av 10 europeiske turister velger destinasjoner basert p\u00e5 hva stedene kan tilby kulturellt. Sm\u00e5 bedrifter i utkantstr\u00f8k kan dra [&hellip;]<\/p>\n","protected":false},"author":1,"featured_media":0,"parent":0,"menu_order":0,"comment_status":"closed","ping_status":"closed","template":"","meta":{"footnotes":""},"class_list":["post-1584","page","type-page","status-publish","hentry"],"_links":{"self":[{"href":"https:\/\/decode-training.eu\/no\/wp-json\/wp\/v2\/pages\/1584","targetHints":{"allow":["GET"]}}],"collection":[{"href":"https:\/\/decode-training.eu\/no\/wp-json\/wp\/v2\/pages"}],"about":[{"href":"https:\/\/decode-training.eu\/no\/wp-json\/wp\/v2\/types\/page"}],"author":[{"embeddable":true,"href":"https:\/\/decode-training.eu\/no\/wp-json\/wp\/v2\/users\/1"}],"replies":[{"embeddable":true,"href":"https:\/\/decode-training.eu\/no\/wp-json\/wp\/v2\/comments?post=1584"}],"version-history":[{"count":7,"href":"https:\/\/decode-training.eu\/no\/wp-json\/wp\/v2\/pages\/1584\/revisions"}],"predecessor-version":[{"id":1702,"href":"https:\/\/decode-training.eu\/no\/wp-json\/wp\/v2\/pages\/1584\/revisions\/1702"}],"wp:attachment":[{"href":"https:\/\/decode-training.eu\/no\/wp-json\/wp\/v2\/media?parent=1584"}],"curies":[{"name":"wp","href":"https:\/\/api.w.org\/{rel}","templated":true}]}}