{"id":2269,"date":"2024-02-27T09:54:18","date_gmt":"2024-02-27T09:54:18","guid":{"rendered":"https:\/\/decode-training.eu\/policy-paper\/"},"modified":"2024-02-27T14:14:26","modified_gmt":"2024-02-27T14:14:26","slug":"policy-paper-2","status":"publish","type":"page","link":"https:\/\/decode-training.eu\/no\/policy-paper-2\/","title":{"rendered":"Policyh\u00e5ndbok"},"content":{"rendered":"\t\t<div data-elementor-type=\"wp-page\" data-elementor-id=\"2269\" class=\"elementor elementor-2269 elementor-2230\" data-elementor-post-type=\"page\">\n\t\t\t\t<div class=\"elementor-element elementor-element-5dff4de e-con-full e-flex e-con e-parent\" data-id=\"5dff4de\" data-element_type=\"container\" data-settings=\"{&quot;background_background&quot;:&quot;classic&quot;}\">\n\t\t<div class=\"elementor-element elementor-element-5945b88 e-flex e-con-boxed e-con e-child\" data-id=\"5945b88\" data-element_type=\"container\">\n\t\t\t\t\t<div class=\"e-con-inner\">\n\t\t\t\t<div class=\"elementor-element elementor-element-62b5f6c elementor-widget elementor-widget-heading\" data-id=\"62b5f6c\" data-element_type=\"widget\" data-widget_type=\"heading.default\">\n\t\t\t\t<div class=\"elementor-widget-container\">\n\t\t\t\t\t<h2 class=\"elementor-heading-title elementor-size-default\">Policyh\u00e5ndbok\n<\/h2>\t\t\t\t<\/div>\n\t\t\t\t<\/div>\n\t\t\t\t\t<\/div>\n\t\t\t\t<\/div>\n\t\t\t\t<\/div>\n\t\t<div class=\"elementor-element elementor-element-4d72e5e e-con-full e-flex e-con e-parent\" data-id=\"4d72e5e\" data-element_type=\"container\" data-settings=\"{&quot;background_background&quot;:&quot;classic&quot;}\">\n\t\t<div class=\"elementor-element elementor-element-bf28c9a e-flex e-con-boxed e-con e-child\" data-id=\"bf28c9a\" data-element_type=\"container\">\n\t\t\t\t\t<div class=\"e-con-inner\">\n\t\t<div class=\"elementor-element elementor-element-4a95279 e-con-full e-flex e-con e-child\" data-id=\"4a95279\" data-element_type=\"container\" data-settings=\"{&quot;background_background&quot;:&quot;classic&quot;}\">\n\t\t\t\t<div class=\"elementor-element elementor-element-ca64c4e elementor-widget elementor-widget-text-editor\" data-id=\"ca64c4e\" data-element_type=\"widget\" data-widget_type=\"text-editor.default\">\n\t\t\t\t<div class=\"elementor-widget-container\">\n\t\t\t\t\t\t\t\t\t<p><span style=\"font-weight: 400;\">DECODE-prosjektet er fokusert p\u00e5 \u00e5 overvinne vanskelighetene som operat\u00f8rer, fagfolk og frivillige innen kulturturisme st\u00e5r overfor, spesielt i Europas landlige og \u00f8konomisk utfordrede regioner. Etter hvert som kulturturisme blir mer popul\u00e6rt i EU, hindres bygdebedrifter av problemer i samarbeid og mangel p\u00e5 kompetanse i arbeidsstyrken. Dette prosjektet er designet for \u00e5 hjelpe disse lokale enhetene ved \u00e5 gi n\u00f8dvendig oppl\u00e6ring i ferdigheter, integrere digitale teknologier og skape en digital plattform for ressurser. Vi tar sikte p\u00e5 \u00e5 anerkjenne og sertifisere ferdighetene deltakerne f\u00e5r gjennom et system med \u00e5pne merker.\u00a0<\/span><\/p><p><span style=\"font-weight: 400;\">Hovedm\u00e5let med policynotatet DECODE er \u00e5 gi forslag til retningslinjer for utdanning i kulturturisme, basert p\u00e5 en grundig unders\u00f8kelse utf\u00f8rt av SYNTHESIS<\/span><\/p>\t\t\t\t\t\t\t\t<\/div>\n\t\t\t\t<\/div>\n\t\t\t\t<div class=\"elementor-element elementor-element-dea56cb elementor-widget elementor-widget-button\" data-id=\"dea56cb\" data-element_type=\"widget\" data-widget_type=\"button.default\">\n\t\t\t\t<div class=\"elementor-widget-container\">\n\t\t\t\t\t\t\t\t\t<div class=\"elementor-button-wrapper\">\n\t\t\t\t\t<a class=\"elementor-button elementor-button-link elementor-size-md\" href=\"https:\/\/drive.google.com\/file\/d\/12yudzeckqVO11q7N0E0Pk82Wv211OM3i\/view?usp=drive_link\" target=\"_blank\">\n\t\t\t\t\t\t<span class=\"elementor-button-content-wrapper\">\n\t\t\t\t\t\t\t\t\t<span class=\"elementor-button-text\">Policyh\u00e5ndbok<\/span>\n\t\t\t\t\t<\/span>\n\t\t\t\t\t<\/a>\n\t\t\t\t<\/div>\n\t\t\t\t\t\t\t\t<\/div>\n\t\t\t\t<\/div>\n\t\t\t\t<\/div>\n\t\t\t\t\t<\/div>\n\t\t\t\t<\/div>\n\t\t\t\t<\/div>\n\t\t\t\t<\/div>\n\t\t","protected":false},"excerpt":{"rendered":"<p>Policyh\u00e5ndbok DECODE-prosjektet er fokusert p\u00e5 \u00e5 overvinne vanskelighetene som operat\u00f8rer, fagfolk og frivillige innen kulturturisme st\u00e5r overfor, spesielt i Europas landlige og \u00f8konomisk utfordrede regioner. Etter hvert som kulturturisme blir mer popul\u00e6rt i EU, hindres bygdebedrifter av problemer i samarbeid og mangel p\u00e5 kompetanse i arbeidsstyrken. Dette prosjektet er designet for \u00e5 hjelpe disse lokale [&hellip;]<\/p>\n","protected":false},"author":1,"featured_media":0,"parent":0,"menu_order":0,"comment_status":"closed","ping_status":"closed","template":"","meta":{"footnotes":""},"class_list":["post-2269","page","type-page","status-publish","hentry"],"_links":{"self":[{"href":"https:\/\/decode-training.eu\/no\/wp-json\/wp\/v2\/pages\/2269","targetHints":{"allow":["GET"]}}],"collection":[{"href":"https:\/\/decode-training.eu\/no\/wp-json\/wp\/v2\/pages"}],"about":[{"href":"https:\/\/decode-training.eu\/no\/wp-json\/wp\/v2\/types\/page"}],"author":[{"embeddable":true,"href":"https:\/\/decode-training.eu\/no\/wp-json\/wp\/v2\/users\/1"}],"replies":[{"embeddable":true,"href":"https:\/\/decode-training.eu\/no\/wp-json\/wp\/v2\/comments?post=2269"}],"version-history":[{"count":14,"href":"https:\/\/decode-training.eu\/no\/wp-json\/wp\/v2\/pages\/2269\/revisions"}],"predecessor-version":[{"id":2363,"href":"https:\/\/decode-training.eu\/no\/wp-json\/wp\/v2\/pages\/2269\/revisions\/2363"}],"wp:attachment":[{"href":"https:\/\/decode-training.eu\/no\/wp-json\/wp\/v2\/media?parent=2269"}],"curies":[{"name":"wp","href":"https:\/\/api.w.org\/{rel}","templated":true}]}}