{"id":2472,"date":"2024-04-26T06:12:32","date_gmt":"2024-04-26T06:12:32","guid":{"rendered":"https:\/\/decode-training.eu\/privacy-policy\/"},"modified":"2024-04-26T10:42:07","modified_gmt":"2024-04-26T10:42:07","slug":"privacy-policy","status":"publish","type":"page","link":"https:\/\/decode-training.eu\/no\/privacy-policy\/","title":{"rendered":"Personvernerkl\u00e6ring"},"content":{"rendered":"\t\t<div data-elementor-type=\"wp-page\" data-elementor-id=\"2472\" class=\"elementor elementor-2472 elementor-2447\" data-elementor-post-type=\"page\">\n\t\t\t\t<div class=\"elementor-element elementor-element-ba20c41 e-flex e-con-boxed e-con e-parent\" data-id=\"ba20c41\" data-element_type=\"container\">\n\t\t\t\t\t<div class=\"e-con-inner\">\n\t\t\t\t<div class=\"elementor-element elementor-element-09199bc elementor-widget elementor-widget-text-editor\" data-id=\"09199bc\" data-element_type=\"widget\" data-widget_type=\"text-editor.default\">\n\t\t\t\t<div class=\"elementor-widget-container\">\n\t\t\t\t\t\t\t\t\t<p>Informasjonen frivillig gitt av brukere av Decode-nettstedet brukes til \u00e5 muliggj\u00f8re direkte og meningsfull kommunikasjon mellom brukere og plattformen. Disse dataene brukes ogs\u00e5 for \u00e5 gi svar p\u00e5 spesifikke brukerforesp\u00f8rsler og for \u00e5 lette utf\u00f8relse av bestillinger. Informasjonen som samles inn av Decode brukes til \u00e5 m\u00e5le nettstedtrafikk, forst\u00e5 kundepreferanser for tilleggsprodukter og effektivisere interaksjoner med plattformen. Plattformen deler ikke brukernes e-postadresser eller annen brukerrelatert informasjon med eksterne organisasjoner eller partnere som ikke er tilknyttet Decode.<\/p><p><strong>Informasjonsinnhenting:<\/strong><\/p><p>Decode har strukturert nettsiden sin slik at brukere kan bes\u00f8ke dem uten \u00e5 avsl\u00f8re identiteten sin med mindre de velger \u00e5 gj\u00f8re det. Brukere blir bedt om \u00e5 oppgi personopplysninger kun n\u00e5r de legger inn en bestilling, registrerer seg p\u00e5 nettstedet eller kontakter Decode via e-post.<\/p><p><strong>Bruk av informasjon:<\/strong><\/p><p>Plattformen samler inn to hovedtyper brukerinformasjon: (1) informasjon gitt under kunderegistrering, og (2) informasjon gitt for \u00e5 oppfylle bestillinger. N\u00e5r du fyller ut et bestillingsskjema, kan brukere bli bedt om \u00e5 oppgi fullt navn, adresse, postnummer, e-postadresse, telefonnummer, kredittkortinformasjon og betalingsm\u00e5te. Informasjonen brukes til ordrelevering, kundeidentifikasjon, kommunikasjon vedr\u00f8rende nye produkter og spesialtilbud, og utdeling av premier etter konkurransetrekning.<\/p><p><strong>Korrigere, endre eller slette informasjon:<\/strong><\/p><p>Decode lar brukere korrigere, endre, komplettere eller slette innsendte data. Plattformen vil umiddelbart handle for \u00e5 slette informasjon p\u00e5 brukerforesp\u00f8rsel, og prioritere sikkerhet og beskyttelse av brukerdata. Brukere kan f\u00e5 tilgang til, endre eller slette personlige data ved \u00e5 kontakte Decode via www.decode-training.eu eller gjennom registreringssiden.<\/p><p><strong>Periodiske endringer:<\/strong><\/p><p>Decode forbedrer kontinuerlig nettstedet, produktene og tjenestene, noe som f\u00f8rer til periodiske oppdateringer av personvernreglene. Brukere oppfordres til regelmessig \u00e5 gjennomg\u00e5 personvernreglene for eventuelle endringer. Plattformen kan endre retningslinjene uten forvarsel.<\/p><p><strong>Godkjennelse av personvernprosedyrer:<\/strong><\/p><p>Ved \u00e5 bruke Decode-nettstedet godtar og godtar brukerne personvernerkl\u00e6ringen og de annonserte vilk\u00e5rene og betingelsene.<\/p><p><strong>Retningslinjer for informasjonskapsler:<\/strong><\/p><p>Nettstedet bruker informasjonskapsler for \u00e5 forbedre brukeropplevelsen og samle statistikk om bes\u00f8ksatferd. Informasjonskapsler er sm\u00e5 tekstfiler som lagres p\u00e5 enheter for unik identifikasjon eller for \u00e5 lagre informasjon og innstillinger i nettleseren. Brukere kan deaktivere informasjonskapsler, men enkelte funksjoner kan bli p\u00e5virket. Plattformen bruker forskjellige typer informasjonskapsler, inkludert strengt n\u00f8dvendige, funksjonelle, detaljerte, m\u00e5lrettede, svindelforebygging, sporing og informasjonskapsler for m\u00e5ling av nettstedets ytelse.<\/p><p>Lenker til tredjeparts nettsteder p\u00e5 Decode kan ha sine egne informasjonskapsler og personvernregler. Brukere anbefales \u00e5 gjennomg\u00e5 disse retningslinjene f\u00f8r de bruker tilknyttede tredjepartsnettsteder.<\/p><p><strong>Revisjon av informasjonskapselinnstillinger i nettleseren:<\/strong><\/p><p>Brukere kan administrere informasjonskapselinnstillinger gjennom nettleserne. Instruksjoner for administrasjon av informasjonskapsler leveres av store nettlesere, som Internet Explorer, Firefox, Google Chrome og Safari. Brukere oppfordres til \u00e5 henvise til produsentens offisielle litteratur for den nyeste informasjonen om h\u00e5ndtering av informasjonskapsler.<\/p><p>Fortsatt bruk av nettstedet inneb\u00e6rer samtykke til bruk av informasjonskapsler.<\/p>\t\t\t\t\t\t\t\t<\/div>\n\t\t\t\t<\/div>\n\t\t\t\t\t<\/div>\n\t\t\t\t<\/div>\n\t\t\t\t<\/div>\n\t\t","protected":false},"excerpt":{"rendered":"<p>Informasjonen frivillig gitt av brukere av Decode-nettstedet brukes til \u00e5 muliggj\u00f8re direkte og meningsfull kommunikasjon mellom brukere og plattformen. Disse dataene brukes ogs\u00e5 for \u00e5 gi svar p\u00e5 spesifikke brukerforesp\u00f8rsler og for \u00e5 lette utf\u00f8relse av bestillinger. Informasjonen som samles inn av Decode brukes til \u00e5 m\u00e5le nettstedtrafikk, forst\u00e5 kundepreferanser for tilleggsprodukter og effektivisere interaksjoner [&hellip;]<\/p>\n","protected":false},"author":1,"featured_media":0,"parent":0,"menu_order":0,"comment_status":"closed","ping_status":"closed","template":"","meta":{"footnotes":""},"class_list":["post-2472","page","type-page","status-publish","hentry"],"_links":{"self":[{"href":"https:\/\/decode-training.eu\/no\/wp-json\/wp\/v2\/pages\/2472","targetHints":{"allow":["GET"]}}],"collection":[{"href":"https:\/\/decode-training.eu\/no\/wp-json\/wp\/v2\/pages"}],"about":[{"href":"https:\/\/decode-training.eu\/no\/wp-json\/wp\/v2\/types\/page"}],"author":[{"embeddable":true,"href":"https:\/\/decode-training.eu\/no\/wp-json\/wp\/v2\/users\/1"}],"replies":[{"embeddable":true,"href":"https:\/\/decode-training.eu\/no\/wp-json\/wp\/v2\/comments?post=2472"}],"version-history":[{"count":4,"href":"https:\/\/decode-training.eu\/no\/wp-json\/wp\/v2\/pages\/2472\/revisions"}],"predecessor-version":[{"id":2480,"href":"https:\/\/decode-training.eu\/no\/wp-json\/wp\/v2\/pages\/2472\/revisions\/2480"}],"wp:attachment":[{"href":"https:\/\/decode-training.eu\/no\/wp-json\/wp\/v2\/media?parent=2472"}],"curies":[{"name":"wp","href":"https:\/\/api.w.org\/{rel}","templated":true}]}}